{"id":982,"date":"2019-03-31T16:32:00","date_gmt":"2019-03-31T14:32:00","guid":{"rendered":"http:\/\/www.rainerliebe.de\/?page_id=982"},"modified":"2022-12-19T23:44:13","modified_gmt":"2022-12-19T22:44:13","slug":"illuminiertes-duisburg","status":"publish","type":"page","link":"http:\/\/www.rainerliebe.de\/?page_id=982","title":{"rendered":"Illuminiertes Duisburg"},"content":{"rendered":"\n<p>Nach fast 8 Jahren freuen wir uns Rainer Liebe, Wolfgang Vo\u00dfkamp und Herbert Geisler einzigartige Fotos von Objekten, welche tags\u00fcber oft unbemerkt sind, in einem neuem Lichtgewand vorstellen zu d\u00fcrfen.<\/p>\n\n\n\n<p>Dazu haben wir &#8211; mit Handleuchten und Farbfolien ausgestattet &#8211; Objekte in Duisburg in besonderer Weise beleuchtet.<\/p>\n\n\n<p><figure class=\"embed-gphotos  wp-caption\"><a href=\"https:\/\/photos.google.com\/share\/AF1QipNYysY5K2OtyaVZVytvFkRyQlWLjFFeFR00Vh_zNgyTUZA9MWXLuLC979w8VGTUyw?key=bkRDcVhlcFA3MlREbTcwWVMwR1Q0UERrWkVMOTln\" target=\"_blank\"><img loading=\"lazy\" decoding=\"async\"    src=\"https:\/\/lh3.googleusercontent.com\/t_DoNDFdxzqpYjrfKErLM-Xm89dFzXAwurMRG19VLS9l4cQ1-UqoegM5qThAuB8yLMcy0t6OQ8L0kmxjRtjytpBoY9oo1bPk2LtK2W_yj_JZLNNorMjAskLY_lWVM767uUZDRE4glro=w900-h1000\" width=\"900\" height=\"600\"   ><\/a><figcaption class=\"wp-caption-text\"><a href=\"https:\/\/photos.google.com\/share\/AF1QipNYysY5K2OtyaVZVytvFkRyQlWLjFFeFR00Vh_zNgyTUZA9MWXLuLC979w8VGTUyw?key=bkRDcVhlcFA3MlREbTcwWVMwR1Q0UERrWkVMOTln\" target=\"_blank\">Illuminierte Bassin Br\u00fccke \/ Google Photos<\/a><\/figcaption><\/figure><\/p>\n\n\n<p>Die Bilder konnten an unserem Ausstellungsort bei DU Tours vom 19. Mai bis Ende September 2019, Sonntags immer von 12:00 bis 17:00  eingesehen werden.<\/p>\n\n\n\n<p>Der Eintritt war frei.<\/p>\n\n\n\n<p>DU Tours<br>Dammstr. 1 Eingang am Leinpfad, 47119 Duisburg<br><\/p>\n\n\n<p><strong>Weitere Fotos zu der Ausstellung;<\/strong><\/p>\n<p><blockquote class=\"wp-embedded-content\" data-secret=\"zPe2ecczwr\"><a href=\"http:\/\/www.rainerliebe.de\/?page_id=1054\">Bot. Garten \/ Bot. garden<\/a><\/blockquote><iframe loading=\"lazy\" class=\"wp-embedded-content\" sandbox=\"allow-scripts\" security=\"restricted\" style=\"position: absolute; clip: rect(1px, 1px, 1px, 1px);\" title=\"&#8222;Bot. Garten \/ Bot. garden&#8220; &#8212; Rainer Liebe\" src=\"http:\/\/www.rainerliebe.de\/?page_id=1054&#038;embed=true#?secret=zPe2ecczwr\" data-secret=\"zPe2ecczwr\" width=\"600\" height=\"338\" frameborder=\"0\" marginwidth=\"0\" marginheight=\"0\" scrolling=\"no\"><\/iframe><\/p>\n<p><blockquote class=\"wp-embedded-content\" data-secret=\"xpJfKuqVKc\"><a href=\"http:\/\/www.rainerliebe.de\/?page_id=1119\">Br\u00fccke der Solidarit\u00e4t \/ Solidarity bridge<\/a><\/blockquote><iframe loading=\"lazy\" class=\"wp-embedded-content\" sandbox=\"allow-scripts\" security=\"restricted\" style=\"position: absolute; clip: rect(1px, 1px, 1px, 1px);\" title=\"&#8222;Br\u00fccke der Solidarit\u00e4t \/ Solidarity bridge&#8220; &#8212; Rainer Liebe\" src=\"http:\/\/www.rainerliebe.de\/?page_id=1119&#038;embed=true#?secret=xpJfKuqVKc\" data-secret=\"xpJfKuqVKc\" width=\"600\" height=\"338\" frameborder=\"0\" marginwidth=\"0\" marginheight=\"0\" scrolling=\"no\"><\/iframe><\/p>\n\n\n<figure class=\"wp-block-embed is-type-wp-embed is-provider-rainer-liebe wp-block-embed-rainer-liebe\"><div class=\"wp-block-embed__wrapper\">\n<blockquote class=\"wp-embedded-content\" data-secret=\"eqtz9PeqFp\"><a href=\"http:\/\/www.rainerliebe.de\/?page_id=1124\">Br\u00fccke und Pfeiler \/ Bridge and abutment<\/a><\/blockquote><iframe loading=\"lazy\" class=\"wp-embedded-content\" sandbox=\"allow-scripts\" security=\"restricted\" style=\"position: absolute; clip: rect(1px, 1px, 1px, 1px);\" title=\"&#8222;Br\u00fccke und Pfeiler \/ Bridge and abutment&#8220; &#8212; Rainer Liebe\" src=\"http:\/\/www.rainerliebe.de\/?page_id=1124&#038;embed=true#?secret=eqtz9PeqFp\" data-secret=\"eqtz9PeqFp\" width=\"600\" height=\"338\" frameborder=\"0\" marginwidth=\"0\" marginheight=\"0\" scrolling=\"no\"><\/iframe>\n<\/div><\/figure>\n\n\n\n<figure class=\"wp-block-embed is-type-wp-embed is-provider-rainer-liebe wp-block-embed-rainer-liebe\"><div class=\"wp-block-embed__wrapper\">\n<blockquote class=\"wp-embedded-content\" data-secret=\"qdCptiBhIM\"><a href=\"http:\/\/www.rainerliebe.de\/?page_id=1127\">Dampflock Wasserturm \/ Steamtrain Watertower<\/a><\/blockquote><iframe loading=\"lazy\" class=\"wp-embedded-content\" sandbox=\"allow-scripts\" security=\"restricted\" style=\"position: absolute; clip: rect(1px, 1px, 1px, 1px);\" title=\"&#8222;Dampflock Wasserturm \/ Steamtrain Watertower&#8220; &#8212; Rainer Liebe\" src=\"http:\/\/www.rainerliebe.de\/?page_id=1127&#038;embed=true#?secret=qdCptiBhIM\" data-secret=\"qdCptiBhIM\" width=\"600\" height=\"338\" frameborder=\"0\" marginwidth=\"0\" marginheight=\"0\" scrolling=\"no\"><\/iframe>\n<\/div><\/figure>\n\n\n\n<figure class=\"wp-block-embed is-type-wp-embed is-provider-rainer-liebe wp-block-embed-rainer-liebe\"><div class=\"wp-block-embed__wrapper\">\n<blockquote class=\"wp-embedded-content\" data-secret=\"igVBWKiiIa\"><a href=\"http:\/\/www.rainerliebe.de\/?page_id=1026\">Das aufsteigende Monument \/ Rising monument<\/a><\/blockquote><iframe loading=\"lazy\" class=\"wp-embedded-content\" sandbox=\"allow-scripts\" security=\"restricted\" style=\"position: absolute; clip: rect(1px, 1px, 1px, 1px);\" title=\"&#8222;Das aufsteigende Monument \/ Rising monument&#8220; &#8212; Rainer Liebe\" src=\"http:\/\/www.rainerliebe.de\/?page_id=1026&#038;embed=true#?secret=igVBWKiiIa\" data-secret=\"igVBWKiiIa\" width=\"600\" height=\"338\" frameborder=\"0\" marginwidth=\"0\" marginheight=\"0\" scrolling=\"no\"><\/iframe>\n<\/div><\/figure>\n\n\n\n<figure class=\"wp-block-embed is-type-wp-embed is-provider-rainer-liebe wp-block-embed-rainer-liebe\"><div class=\"wp-block-embed__wrapper\">\n<blockquote class=\"wp-embedded-content\" data-secret=\"LEGnUnJ0j9\"><a href=\"http:\/\/www.rainerliebe.de\/?page_id=1079\">Das Wehr \/ The weir<\/a><\/blockquote><iframe loading=\"lazy\" class=\"wp-embedded-content\" sandbox=\"allow-scripts\" security=\"restricted\" style=\"position: absolute; clip: rect(1px, 1px, 1px, 1px);\" title=\"&#8222;Das Wehr \/ The weir&#8220; &#8212; Rainer Liebe\" src=\"http:\/\/www.rainerliebe.de\/?page_id=1079&#038;embed=true#?secret=LEGnUnJ0j9\" data-secret=\"LEGnUnJ0j9\" width=\"600\" height=\"338\" frameborder=\"0\" marginwidth=\"0\" marginheight=\"0\" scrolling=\"no\"><\/iframe>\n<\/div><\/figure>\n\n\n\n<figure class=\"wp-block-embed is-type-wp-embed is-provider-rainer-liebe wp-block-embed-rainer-liebe\"><div class=\"wp-block-embed__wrapper\">\n<blockquote class=\"wp-embedded-content\" data-secret=\"t8zoHvDu7P\"><a href=\"http:\/\/www.rainerliebe.de\/?page_id=1108\">Den treuen Toten \/ Hall of faithfull death<\/a><\/blockquote><iframe loading=\"lazy\" class=\"wp-embedded-content\" sandbox=\"allow-scripts\" security=\"restricted\" style=\"position: absolute; clip: rect(1px, 1px, 1px, 1px);\" title=\"&#8222;Den treuen Toten \/ Hall of faithfull death&#8220; &#8212; Rainer Liebe\" src=\"http:\/\/www.rainerliebe.de\/?page_id=1108&#038;embed=true#?secret=t8zoHvDu7P\" data-secret=\"t8zoHvDu7P\" width=\"600\" height=\"338\" frameborder=\"0\" marginwidth=\"0\" marginheight=\"0\" scrolling=\"no\"><\/iframe>\n<\/div><\/figure>\n\n\n\n<figure class=\"wp-block-embed is-type-wp-embed is-provider-rainer-liebe wp-block-embed-rainer-liebe\"><div class=\"wp-block-embed__wrapper\">\n<blockquote class=\"wp-embedded-content\" data-secret=\"84PuW7U75Z\"><a href=\"http:\/\/www.rainerliebe.de\/?page_id=1076\">Der Blick des Poseidons \/ Poseidon View<\/a><\/blockquote><iframe loading=\"lazy\" class=\"wp-embedded-content\" sandbox=\"allow-scripts\" security=\"restricted\" style=\"position: absolute; clip: rect(1px, 1px, 1px, 1px);\" title=\"&#8222;Der Blick des Poseidons \/ Poseidon View&#8220; &#8212; Rainer Liebe\" src=\"http:\/\/www.rainerliebe.de\/?page_id=1076&#038;embed=true#?secret=84PuW7U75Z\" data-secret=\"84PuW7U75Z\" width=\"600\" height=\"338\" frameborder=\"0\" marginwidth=\"0\" marginheight=\"0\" scrolling=\"no\"><\/iframe>\n<\/div><\/figure>\n\n\n\n<figure class=\"wp-block-embed is-type-wp-embed is-provider-rainer-liebe wp-block-embed-rainer-liebe\"><div class=\"wp-block-embed__wrapper\">\n<blockquote class=\"wp-embedded-content\" data-secret=\"qJ0pSNtvGl\"><a href=\"http:\/\/www.rainerliebe.de\/?page_id=1018\">Der Mann an der Fachwerkbr\u00fccke \/ Man at framework bridge<\/a><\/blockquote><iframe loading=\"lazy\" class=\"wp-embedded-content\" sandbox=\"allow-scripts\" security=\"restricted\" style=\"position: absolute; clip: rect(1px, 1px, 1px, 1px);\" title=\"&#8222;Der Mann an der Fachwerkbr\u00fccke \/ Man at framework bridge&#8220; &#8212; Rainer Liebe\" src=\"http:\/\/www.rainerliebe.de\/?page_id=1018&#038;embed=true#?secret=qJ0pSNtvGl\" data-secret=\"qJ0pSNtvGl\" width=\"600\" height=\"338\" frameborder=\"0\" marginwidth=\"0\" marginheight=\"0\" scrolling=\"no\"><\/iframe>\n<\/div><\/figure>\n\n\n\n<figure class=\"wp-block-embed is-type-wp-embed is-provider-rainer-liebe wp-block-embed-rainer-liebe\"><div class=\"wp-block-embed__wrapper\">\n<blockquote class=\"wp-embedded-content\" data-secret=\"pQSPegMEaW\"><a href=\"http:\/\/www.rainerliebe.de\/?page_id=1046\">Der Wasserphallus \/ The water phallus<\/a><\/blockquote><iframe loading=\"lazy\" class=\"wp-embedded-content\" sandbox=\"allow-scripts\" security=\"restricted\" style=\"position: absolute; clip: rect(1px, 1px, 1px, 1px);\" title=\"&#8222;Der Wasserphallus \/ The water phallus&#8220; &#8212; Rainer Liebe\" src=\"http:\/\/www.rainerliebe.de\/?page_id=1046&#038;embed=true#?secret=pQSPegMEaW\" data-secret=\"pQSPegMEaW\" width=\"600\" height=\"338\" frameborder=\"0\" marginwidth=\"0\" marginheight=\"0\" scrolling=\"no\"><\/iframe>\n<\/div><\/figure>\n\n\n\n<figure class=\"wp-block-embed is-type-wp-embed is-provider-rainer-liebe wp-block-embed-rainer-liebe\"><div class=\"wp-block-embed__wrapper\">\n<blockquote class=\"wp-embedded-content\" data-secret=\"t3X2GfnR0T\"><a href=\"http:\/\/www.rainerliebe.de\/?page_id=1086\">Die Kirche an der Stadtgrenze \/ The church at the city border<\/a><\/blockquote><iframe loading=\"lazy\" class=\"wp-embedded-content\" sandbox=\"allow-scripts\" security=\"restricted\" style=\"position: absolute; clip: rect(1px, 1px, 1px, 1px);\" title=\"&#8222;Die Kirche an der Stadtgrenze \/ The church at the city border&#8220; &#8212; Rainer Liebe\" src=\"http:\/\/www.rainerliebe.de\/?page_id=1086&#038;embed=true#?secret=t3X2GfnR0T\" data-secret=\"t3X2GfnR0T\" width=\"600\" height=\"338\" frameborder=\"0\" marginwidth=\"0\" marginheight=\"0\" scrolling=\"no\"><\/iframe>\n<\/div><\/figure>\n\n\n\n<figure class=\"wp-block-embed is-type-wp-embed is-provider-rainer-liebe wp-block-embed-rainer-liebe\"><div class=\"wp-block-embed__wrapper\">\n<blockquote class=\"wp-embedded-content\" data-secret=\"JrzbYQsZnd\"><a href=\"http:\/\/www.rainerliebe.de\/?page_id=1022\">Die Riesenl\u00fcfter \/ The giant fans<\/a><\/blockquote><iframe loading=\"lazy\" class=\"wp-embedded-content\" sandbox=\"allow-scripts\" security=\"restricted\" style=\"position: absolute; clip: rect(1px, 1px, 1px, 1px);\" title=\"&#8222;Die Riesenl\u00fcfter \/ The giant fans&#8220; &#8212; Rainer Liebe\" src=\"http:\/\/www.rainerliebe.de\/?page_id=1022&#038;embed=true#?secret=JrzbYQsZnd\" data-secret=\"JrzbYQsZnd\" width=\"600\" height=\"338\" frameborder=\"0\" marginwidth=\"0\" marginheight=\"0\" scrolling=\"no\"><\/iframe>\n<\/div><\/figure>\n\n\n\n<figure class=\"wp-block-embed is-type-wp-embed is-provider-rainer-liebe wp-block-embed-rainer-liebe\"><div class=\"wp-block-embed__wrapper\">\n<blockquote class=\"wp-embedded-content\" data-secret=\"vMutsQCrcf\"><a href=\"http:\/\/www.rainerliebe.de\/?page_id=1036\">Die Spur im Tunnel \/ Trace in tunnel<\/a><\/blockquote><iframe loading=\"lazy\" class=\"wp-embedded-content\" sandbox=\"allow-scripts\" security=\"restricted\" style=\"position: absolute; clip: rect(1px, 1px, 1px, 1px);\" title=\"&#8222;Die Spur im Tunnel \/ Trace in tunnel&#8220; &#8212; Rainer Liebe\" src=\"http:\/\/www.rainerliebe.de\/?page_id=1036&#038;embed=true#?secret=vMutsQCrcf\" data-secret=\"vMutsQCrcf\" width=\"600\" height=\"338\" frameborder=\"0\" marginwidth=\"0\" marginheight=\"0\" scrolling=\"no\"><\/iframe>\n<\/div><\/figure>\n\n\n\n<figure class=\"wp-block-embed is-type-wp-embed is-provider-rainer-liebe wp-block-embed-rainer-liebe\"><div class=\"wp-block-embed__wrapper\">\n<blockquote class=\"wp-embedded-content\" data-secret=\"RupOJMlvtp\"><a href=\"http:\/\/www.rainerliebe.de\/?page_id=1095\">Die Waggongs \/ The waggons<\/a><\/blockquote><iframe loading=\"lazy\" class=\"wp-embedded-content\" sandbox=\"allow-scripts\" security=\"restricted\" style=\"position: absolute; clip: rect(1px, 1px, 1px, 1px);\" title=\"&#8222;Die Waggongs \/ The waggons&#8220; &#8212; Rainer Liebe\" src=\"http:\/\/www.rainerliebe.de\/?page_id=1095&#038;embed=true#?secret=RupOJMlvtp\" data-secret=\"RupOJMlvtp\" width=\"600\" height=\"338\" frameborder=\"0\" marginwidth=\"0\" marginheight=\"0\" scrolling=\"no\"><\/iframe>\n<\/div><\/figure>\n\n\n\n<figure class=\"wp-block-embed is-type-wp-embed is-provider-rainer-liebe wp-block-embed-rainer-liebe\"><div class=\"wp-block-embed__wrapper\">\n<blockquote class=\"wp-embedded-content\" data-secret=\"GLALPLf6Cq\"><a href=\"http:\/\/www.rainerliebe.de\/?page_id=1100\">Fischskelette \/ Fishskeletons<\/a><\/blockquote><iframe loading=\"lazy\" class=\"wp-embedded-content\" sandbox=\"allow-scripts\" security=\"restricted\" style=\"position: absolute; clip: rect(1px, 1px, 1px, 1px);\" title=\"&#8222;Fischskelette \/ Fishskeletons&#8220; &#8212; Rainer Liebe\" src=\"http:\/\/www.rainerliebe.de\/?page_id=1100&#038;embed=true#?secret=GLALPLf6Cq\" data-secret=\"GLALPLf6Cq\" width=\"600\" height=\"338\" frameborder=\"0\" marginwidth=\"0\" marginheight=\"0\" scrolling=\"no\"><\/iframe>\n<\/div><\/figure>\n\n\n\n<figure class=\"wp-block-embed is-type-wp-embed is-provider-rainer-liebe wp-block-embed-rainer-liebe\"><div class=\"wp-block-embed__wrapper\">\n<blockquote class=\"wp-embedded-content\" data-secret=\"qLpPrZdEHU\"><a href=\"http:\/\/www.rainerliebe.de\/?page_id=1044\">RAL 2004<\/a><\/blockquote><iframe loading=\"lazy\" class=\"wp-embedded-content\" sandbox=\"allow-scripts\" security=\"restricted\" style=\"position: absolute; clip: rect(1px, 1px, 1px, 1px);\" title=\"&#8222;RAL 2004&#8220; &#8212; Rainer Liebe\" src=\"http:\/\/www.rainerliebe.de\/?page_id=1044&#038;embed=true#?secret=qLpPrZdEHU\" data-secret=\"qLpPrZdEHU\" width=\"600\" height=\"338\" frameborder=\"0\" marginwidth=\"0\" marginheight=\"0\" scrolling=\"no\"><\/iframe>\n<\/div><\/figure>\n","protected":false},"excerpt":{"rendered":"<p>Nach fast 8 Jahren freuen wir uns Rainer Liebe, Wolfgang Vo\u00dfkamp und Herbert Geisler einzigartige Fotos von Objekten, welche tags\u00fcber oft unbemerkt sind, in einem neuem Lichtgewand vorstellen zu d\u00fcrfen. Dazu haben wir &#8211; mit Handleuchten und Farbfolien ausgestattet &#8211; Objekte in Duisburg in besonderer Weise beleuchtet. Die Bilder konnten an unserem Ausstellungsort bei DU &hellip; <span class=\"read-more\"><a href=\"http:\/\/www.rainerliebe.de\/?page_id=982\" class=\"more-link\">Read More<\/a><\/span><\/p>\n","protected":false},"author":1,"featured_media":0,"parent":378,"menu_order":0,"comment_status":"closed","ping_status":"closed","template":"","meta":{"footnotes":""},"class_list":["post-982","page","type-page","status-publish","hentry"],"_links":{"self":[{"href":"http:\/\/www.rainerliebe.de\/index.php?rest_route=\/wp\/v2\/pages\/982","targetHints":{"allow":["GET"]}}],"collection":[{"href":"http:\/\/www.rainerliebe.de\/index.php?rest_route=\/wp\/v2\/pages"}],"about":[{"href":"http:\/\/www.rainerliebe.de\/index.php?rest_route=\/wp\/v2\/types\/page"}],"author":[{"embeddable":true,"href":"http:\/\/www.rainerliebe.de\/index.php?rest_route=\/wp\/v2\/users\/1"}],"replies":[{"embeddable":true,"href":"http:\/\/www.rainerliebe.de\/index.php?rest_route=%2Fwp%2Fv2%2Fcomments&post=982"}],"version-history":[{"count":8,"href":"http:\/\/www.rainerliebe.de\/index.php?rest_route=\/wp\/v2\/pages\/982\/revisions"}],"predecessor-version":[{"id":1360,"href":"http:\/\/www.rainerliebe.de\/index.php?rest_route=\/wp\/v2\/pages\/982\/revisions\/1360"}],"up":[{"embeddable":true,"href":"http:\/\/www.rainerliebe.de\/index.php?rest_route=\/wp\/v2\/pages\/378"}],"wp:attachment":[{"href":"http:\/\/www.rainerliebe.de\/index.php?rest_route=%2Fwp%2Fv2%2Fmedia&parent=982"}],"curies":[{"name":"wp","href":"https:\/\/api.w.org\/{rel}","templated":true}]}}