{"id":888,"date":"2018-12-27T23:49:53","date_gmt":"2018-12-27T22:49:53","guid":{"rendered":"http:\/\/www.rainerliebe.de\/?page_id=888"},"modified":"2023-01-16T22:07:42","modified_gmt":"2023-01-16T21:07:42","slug":"datenschutzerklaerung","status":"publish","type":"page","link":"http:\/\/www.rainerliebe.de\/?page_id=888","title":{"rendered":"Datenschutzerkl\u00e4rung"},"content":{"rendered":"\n<h4 class=\"wp-block-heading\">\nGrundlegendes<\/h4>\n\n\n\n<p>Diese Datenschutzerkl\u00e4rung soll die Nutzer dieser Website \u00fcber die Art, den Umfang und den Zweck der Erhebung und Verwendung personenbezogener Daten durch den Websitebetreiber Rainer Liebe, Odenwaldstr. 2, 46145 Oberhausen informieren.<\/p>\n\n\n\n<p>Der\nWebsitebetreiber nimmt Ihren Datenschutz sehr ernst und behandelt\nIhre personenbezogenen Daten vertraulich und entsprechend der\ngesetzlichen Vorschriften. Da durch neue Technologien und die\nst\u00e4ndige Weiterentwicklung dieser Webseite \u00c4nderungen an dieser\nDatenschutzerkl\u00e4rung vorgenommen werden k\u00f6nnen, empfehlen wir Ihnen\nsich die Datenschutzerkl\u00e4rung in regelm\u00e4\u00dfigen Abst\u00e4nden wieder\ndurchzulesen.<\/p>\n\n\n\n<p>Definitionen\nder verwendeten Begriffe (z.B. \u201cpersonenbezogene Daten\u201d oder\n\u201cVerarbeitung\u201d) finden Sie in Art. 4 DSGVO.<\/p>\n\n\n\n<h4 class=\"wp-block-heading\">Zugriffsdaten<\/h4>\n\n\n\n<p>Wir,\nder Websitebetreiber bzw. Seitenprovider, erheben aufgrund unseres\nberechtigten Interesses (s. Art. 6 Abs. 1 lit. f. DSGVO) Daten \u00fcber\nZugriffe auf die Website und speichern diese als \u201eServer-Logfiles\u201c\nauf dem Server der Website ab. Folgende Daten werden so\nprotokolliert:<\/p>\n\n\n\n<ul class=\"wp-block-list\">\n<li>Besuchte\n\tWebsite\n\t<\/li>\n\n\n\n<li>Uhrzeit\n\tzum Zeitpunkt des Zugriffes\n\t<\/li>\n\n\n\n<li>Menge\n\tder gesendeten Daten in Byte\n\t<\/li>\n\n\n\n<li>Quelle\/Verweis,\n\tvon welchem Sie auf die Seite gelangten\n\t<\/li>\n\n\n\n<li>Verwendeter\n\tBrowser\n\t<\/li>\n\n\n\n<li>Verwendetes\n\tBetriebssystem\n\t<\/li>\n\n\n\n<li>Verwendete\n\tIP-Adresse\n<\/li>\n<\/ul>\n\n\n\n<p>Die\nServer-Logfiles werden f\u00fcr maximal 7 Tage gespeichert und\nanschlie\u00dfend gel\u00f6scht. Die Speicherung der Daten erfolgt aus\nSicherheitsgr\u00fcnden, um z. B. Missbrauchsf\u00e4lle aufkl\u00e4ren zu k\u00f6nnen.\nM\u00fcssen Daten aus Beweisgr\u00fcnden aufgehoben werden, sind sie solange\nvon der L\u00f6schung ausgenommen bis der Vorfall endg\u00fcltig gekl\u00e4rt\nist.<\/p>\n\n\n\n<h4 class=\"wp-block-heading\">Reichweitenmessung\n&amp; Cookies<\/h4>\n\n\n\n<p>Diese\nWebsite verwendet Cookies zur pseudonymisierten Reichweitenmessung,\ndie entweder von unserem Server oder dem Server Dritter an den\nBrowser des Nutzers \u00fcbertragen werden. Bei Cookies handelt es sich\num kleine Dateien, welche auf Ihrem Endger\u00e4t gespeichert werden. Ihr\nBrowser greift auf diese Dateien zu. Durch den Einsatz von Cookies\nerh\u00f6ht sich die Benutzerfreundlichkeit und Sicherheit dieser\nWebsite.<\/p>\n\n\n\n<p>Falls\nSie nicht m\u00f6chten, dass Cookies zur Reichweitenmessung auf Ihrem\nEndger\u00e4t gespeichert werden, k\u00f6nnen Sie dem Einsatz dieser Dateien\nhier widersprechen:<\/p>\n\n\n\n<ul class=\"wp-block-list\">\n<li>Cookie-Deaktivierungsseite\n\tder Netzwerkwerbeinitiative:\n\t<a href=\"http:\/\/optout.networkadvertising.org\/?c=1#!\/\">http:\/\/optout.networkadvertising.org\/?c=1#!\/<\/a>\n\t<\/li>\n\n\n\n<li>Cookie-Deaktivierungsseite\n\tder US-amerikanischen Website: <a href=\"http:\/\/optout.aboutads.info\/?c=2#!\/\">http:\/\/optout.aboutads.info\/?c=2#!\/<\/a>\n\t<\/li>\n\n\n\n<li>Cookie-Deaktivierungsseite\n\tder europ\u00e4ischen Website:\n\t<a href=\"http:\/\/optout.networkadvertising.org\/?c=1#!\/\">http:\/\/optout.networkadvertising.org\/?c=1#!\/<\/a>\n<\/li>\n<\/ul>\n\n\n\n<p>G\u00e4ngige\nBrowser bieten die Einstellungsoption, Cookies nicht zuzulassen.\nHinweis: Es ist nicht gew\u00e4hrleistet, dass Sie auf alle Funktionen\ndieser Website ohne Einschr\u00e4nkungen zugreifen k\u00f6nnen, wenn Sie\nentsprechende Einstellungen vornehmen.<\/p>\n\n\n\n<p>Erfassung\nund Verarbeitung personenbezogener Daten<\/p>\n\n\n\n<p>Der\nWebsitebetreiber erhebt, nutzt und gibt Ihre personenbezogenen Daten\nnur dann weiter, wenn dies im gesetzlichen Rahmen erlaubt ist oder\nSie in die Datenerhebung einwilligen.<\/p>\n\n\n\n<p>Als\npersonenbezogene Daten gelten s\u00e4mtliche Informationen, welche dazu\ndienen, Ihre Person zu bestimmen und welche zu Ihnen zur\u00fcckverfolgt\nwerden k\u00f6nnen \u2013 also beispielsweise Ihr Name, Ihre E-Mail-Adresse\nund Telefonnummer.<\/p>\n\n\n\n<p>Diese\nWebsite k\u00f6nnen Sie auch besuchen, ohne Angaben zu Ihrer Person zu\nmachen. Zur Verbesserung unseres Online-Angebotes speichern wir\njedoch (ohne Personenbezug) Ihre Zugriffsdaten auf diese Website. Zu\ndiesen Zugriffsdaten geh\u00f6ren z. B. die von Ihnen angeforderte Datei\noder der Name Ihres Internet-Providers. Durch die Anonymisierung der\nDaten sind R\u00fcckschl\u00fcsse auf Ihre Person nicht m\u00f6glich. \n<\/p>\n\n\n\n<p><strong>Umgang\nmit Kontaktdaten<\/strong><\/p>\n\n\n\n<p>Nehmen\nSie mit uns als Websitebetreiber durch die angebotenen\nKontaktm\u00f6glichkeiten Verbindung auf, werden Ihre Angaben\ngespeichert, damit auf diese zur Bearbeitung und Beantwortung Ihrer\nAnfrage zur\u00fcckgegriffen werden kann. Ohne Ihre Einwilligung werden\ndiese Daten nicht an Dritte weitergegeben.<\/p>\n\n\n\n<p><strong>Umgang\nmit Kommentaren und Beitr\u00e4gen<\/strong><\/p>\n\n\n\n<p>Hinterlassen\nSie auf dieser Website einen Beitrag oder Kommentar, wird Ihre\nIP-Adresse gespeichert. Dies erfolgt aufgrund unserer berechtigten\nInteressen im Sinne des Art. 6 Abs. 1 lit. f. DSGVO und dient der\nSicherheit von uns als Websitebetreiber: Denn sollte Ihr Kommentar\ngegen geltendes Recht versto\u00dfen, k\u00f6nnen wir daf\u00fcr belangt werden,\nweshalb wir ein Interesse an der Identit\u00e4t des Kommentar- bzw.\nBeitragsautors haben.<\/p>\n\n\n\n<p><strong><del>Google Analytics<\/del><\/strong><\/p>\n\n\n\n<p><del>Diese Website nutzt aufgrund unserer berechtigten Interessen zur Optimierung und Analyse unseres Online-Angebots im Sinne des Art. 6 Abs. 1 lit. f. DSGVO den Dienst \u201eGoogle Analytics\u201c, welcher von der Google Inc. (1600 Amphitheatre Parkway Mountain View, CA 94043, USA) angeboten wird. Der Dienst (Google Analytics) verwendet \u201eCookies\u201c \u2013 Textdateien, welche auf Ihrem Endger\u00e4t gespeichert werden. Die durch die Cookies gesammelten Informationen werden im Regelfall an einen Google-Server in den USA gesandt und dort gespeichert.<\/del><\/p>\n\n\n\n<p><del>Google LLC h\u00e4lt das europ\u00e4ische Datenschutzrecht ein und ist unter dem Privacy-Shield-Abkommen zertifiziert: <\/del><a href=\"https:\/\/www.privacyshield.gov\/participant?id=a2zt000000001L5AAI&amp;status=Active\"><del>https:\/\/www.privacyshield.gov\/participant?id=a2zt000000001L5AAI&amp;status=Active<\/del><\/a><\/p>\n\n\n\n<p><del>Auf dieser Website greift die IP-Anonymisierung. Die IP-Adresse der Nutzer wird innerhalb der Mitgliedsstaaten der EU und des Europ\u00e4ischen Wirtschaftsraum und in den anderen Vertragsstaaten des Abkommens gek\u00fcrzt. Nur in Einzelf\u00e4llen wird die IP-Adresse zun\u00e4chst ungek\u00fcrzt in die USA an einen Server von Google \u00fcbertragen und dort gek\u00fcrzt. Durch diese K\u00fcrzung entf\u00e4llt der Personenbezug Ihrer IP-Adresse. Die vom Browser \u00fcbermittelte IP-Adresse des Nutzers wird nicht mit anderen von Google gespeicherten Daten kombiniert.<\/del><\/p>\n\n\n\n<p><del>Im Rahmen der Vereinbarung zur Auftragsdatenvereinbarung, welche wir als Websitebetreiber mit der Google Inc. geschlossen haben, erstellt diese mithilfe der gesammelten Informationen eine Auswertung der Websitenutzung und der Websiteaktivit\u00e4t und erbringt mit der Internetnutzung verbundene Dienstleistungen.<\/del><\/p>\n\n\n\n<p><del>Die von Google in unserem Auftrag erhobenen Daten werden genutzt, um die Nutzung unseres Online-Angebots durch die einzelnen Nutzer auswerten zu k\u00f6nnen, z. B. um Reports \u00fcber die Aktivit\u00e4t auf der Website zu erstellen, um unser Online-Angebot zu verbessern.<\/del><\/p>\n\n\n\n<p><del>Sie haben die M\u00f6glichkeit, die Speicherung der Cookies auf Ihrem Ger\u00e4t zu verhindern, indem Sie in Ihrem Browser entsprechende Einstellungen vornehmen. Es ist nicht gew\u00e4hrleistet, dass Sie auf alle Funktionen dieser Website ohne Einschr\u00e4nkungen zugreifen k\u00f6nnen, wenn Ihr Browser keine Cookies zul\u00e4sst.<\/del><\/p>\n\n\n\n<p><del>Weiterhin k\u00f6nnen Sie durch ein Browser-Plugin verhindern, dass die durch Cookies gesammelten Informationen (inklusive Ihrer IP-Adresse) an die Google Inc. gesendet und von der Google Inc. genutzt werden. Folgender Link f\u00fchrt Sie zu dem entsprechenden Plugin: <\/del><a href=\"https:\/\/tools.google.com\/dlpage\/gaoptout?hl=de\"><del>https:\/\/tools.google.com\/dlpage\/gaoptout?hl=de<\/del><\/a><\/p>\n\n\n\n<p><del>Alternativ verhindern Sie mit einem Klick auf diesen Link (WICHTIG: Opt-Out-Link einf\u00fcgen), dass Google Analytics innerhalb dieser Website Daten \u00fcber Sie erfasst. Mit dem Klick auf obigen Link laden Sie ein \u201eOpt-Out-Cookie\u201c herunter. Ihr Browser muss die Speicherung von Cookies also hierzu grunds\u00e4tzlich erlauben. L\u00f6schen Sie Ihre Cookies regelm\u00e4\u00dfig, ist ein erneuter Klick auf den Link bei jedem Besuch dieser Website vonn\u00f6ten.<\/del><\/p>\n\n\n\n<p><del>Hier finden Sie weitere Informationen zur Datennutzung durch die Google Inc.:  <\/del><\/p>\n\n\n\n<ul class=\"wp-block-list\">\n<li><a href=\"https:\/\/policies.google.com\/privacy\/partners?hl=de\"><del>https:\/\/policies.google.com\/privacy\/partners?hl=de<\/del><\/a><del> (Daten, die von Google-Partnern erhoben werden) <\/del><\/li>\n\n\n\n<li><a href=\"https:\/\/adssettings.google.de\/authenticated\"><del>https:\/\/adssettings.google.de\/authenticated<\/del><\/a><del> (Einstellungen \u00fcber Werbung, die Ihnen angezeigt wird) <\/del><\/li>\n\n\n\n<li><a href=\"https:\/\/policies.google.com\/technologies\/ads?hl=de\"><del>https:\/\/policies.google.com\/technologies\/ads?hl=de<\/del><\/a><del> (Verwendung von Cookies in Anzeigen) <\/del><\/li>\n<\/ul>\n\n\n\n<p><strong>Nutzung\nvon Social-Media-Plugins von Facebook<\/strong><\/p>\n\n\n\n<p>Aufgrund\nunseres berechtigten Interesses an der Analyse, Optimierung und dem\nBetrieb unseres Online-Angebotes (im Sinne des Art. 6 Abs. 1 lit. f.\nDSGVO), verwendet diese Website das Facebook-Social-Plugin, welches\nvon der Facebook Inc. (1 Hacker Way, Menlo Park, California 94025,\nUSA) betrieben wird. Erkennbar sind die Einbindungen an dem\nFacebook-Logo bzw. an den Begriffen \u201eLike\u201c, \u201eGef\u00e4llt mir\u201c,\n\u201eTeilen\u201c in den Farben Facebooks (Blau und Wei\u00df). Informationen\nzu allen Facebook-Plugins finden Sie \u00fcber den folgenden Link:\n<a href=\"https:\/\/developers.facebook.com\/docs\/plugins\/\">https:\/\/developers.facebook.com\/docs\/plugins\/<\/a><\/p>\n\n\n\n<p>Facebook\nInc. h\u00e4lt das europ\u00e4ische Datenschutzrecht ein und ist unter dem\nPrivacy-Shield-Abkommen zertifiziert:\n<a href=\"https:\/\/www.privacyshield.gov\/participant?id=a2zt0000000GnywAAC&amp;status=Active\">https:\/\/www.privacyshield.gov\/participant?id=a2zt0000000GnywAAC&amp;status=Active<\/a><\/p>\n\n\n\n<p>Das\nPlugin stellt eine direkte Verbindung zwischen Ihrem Browser und den\nFacebook-Servern her. Der Websitebetreiber hat keinerlei Einfluss auf\ndie Natur und den Umfang der Daten, welche das Plugin an die Server\nder Facebook Inc. \u00fcbermittelt. Informationen dazu finden Sie hier:\n<a href=\"https:\/\/www.facebook.com\/help\/186325668085084\">https:\/\/www.facebook.com\/help\/186325668085084<\/a><\/p>\n\n\n\n<p>Das\nPlugin informiert die Facebook Inc. dar\u00fcber, dass Sie als Nutzer\ndiese Website besucht haben. Es besteht hierbei die M\u00f6glichkeit,\ndass Ihre IP-Adresse gespeichert wird. Sind Sie w\u00e4hrend des Besuchs\nauf dieser Website in Ihrem Facebook-Konto eingeloggt, werden die\ngenannten Informationen mit diesem verkn\u00fcpft.<\/p>\n\n\n\n<p>Nutzen\nSie die Funktionen des Plugins \u2013 etwa indem Sie einen Beitrag\nteilen oder \u201eliken\u201c \u2013, werden die entsprechenden Informationen\nebenfalls an die Facebook Inc. \u00fcbermittelt.<\/p>\n\n\n\n<p>M\u00f6chten\nSie verhindern, dass die Facebook. Inc. diese Daten mit Ihrem\nFacebook-Konto verkn\u00fcpft, loggen Sie sich bitte vor dem Besuch\ndieser Website bei Facebook aus und l\u00f6schen Sie die gespeicherten\nCookies. \u00dcber Ihr Facebook-Profil k\u00f6nnen Sie weitere Einstellungen\nzur Datenverarbeitung f\u00fcr Werbezwecke t\u00e4tigen oder der Nutzung\nIhrer Daten f\u00fcr Werbezwecke widersprechen. Zu den Einstellungen\ngelangen Sie hier: \n<\/p>\n\n\n\n<ul class=\"wp-block-list\">\n<li>Profileinstellungen\n\tbei Facebook:\n\t<a href=\"https:\/\/www.facebook.com\/ads\/preferences\/?entry_product=ad_settings_screen\">https:\/\/www.facebook.com\/ads\/preferences\/?entry_product=ad_settings_screen<\/a>\n\t<\/li>\n\n\n\n<li>Cookie-Deaktivierungsseite\n\tder US-amerikanischen Website: <a href=\"http:\/\/optout.aboutads.info\/?c=2#!\/\">http:\/\/optout.aboutads.info\/?c=2#!\/<\/a>\n\t<\/li>\n\n\n\n<li>Cookie-Deaktivierungsseite\n\tder europ\u00e4ischen Website:\n\t<a href=\"http:\/\/optout.networkadvertising.org\/?c=1#!\/\">http:\/\/optout.networkadvertising.org\/?c=1#!\/<\/a>\n<\/li>\n<\/ul>\n\n\n\n<p>Welche\nDaten, zu welchem Zweck und in welchem Umfang Facebook Daten erhebt,\nnutzt und verarbeitet und welche Rechte sowie\nEinstellungsm\u00f6glichkeiten Sie zum Schutz Ihrer Privatsph\u00e4re haben,\nk\u00f6nnen Sie in den Datenschutzrichtlinien von Facebook nachlesen.\nDiese finden Sie hier: <a href=\"https:\/\/www.facebook.com\/about\/privacy\/\">https:\/\/www.facebook.com\/about\/privacy\/<\/a>\n\n<\/p>\n\n\n\n<p><strong>Rechte\ndes Nutzers<\/strong><\/p>\n\n\n\n<p>Sie\nhaben als Nutzer das Recht, auf Antrag eine kostenlose Auskunft\ndar\u00fcber zu erhalten, welche personenbezogenen Daten \u00fcber Sie\ngespeichert wurden. Sie haben au\u00dferdem das Recht auf Berichtigung\nfalscher Daten und auf die Verarbeitungseinschr\u00e4nkung oder L\u00f6schung\nIhrer personenbezogenen Daten. Falls zutreffend, k\u00f6nnen Sie auch Ihr\nRecht auf Datenportabilit\u00e4t geltend machen. Sollten Sie annehmen,\ndass Ihre Daten unrechtm\u00e4\u00dfig verarbeitet wurden, k\u00f6nnen Sie eine\nBeschwerde bei der zust\u00e4ndigen Aufsichtsbeh\u00f6rde einreichen.<\/p>\n\n\n\n<p><strong>L\u00f6schung\nvon Daten<\/strong><\/p>\n\n\n\n<p>Sofern\nIhr Wunsch nicht mit einer gesetzlichen Pflicht zur Aufbewahrung von\nDaten (z. B. Vorratsdatenspeicherung) kollidiert, haben Sie ein\nAnrecht auf L\u00f6schung Ihrer Daten. Von uns gespeicherte Daten werden,\nsollten sie f\u00fcr ihre Zweckbestimmung nicht mehr vonn\u00f6ten sein und\nes keine gesetzlichen Aufbewahrungsfristen geben, gel\u00f6scht. Falls\neine L\u00f6schung nicht durchgef\u00fchrt werden kann, da die Daten f\u00fcr\nzul\u00e4ssige gesetzliche Zwecke erforderlich sind, erfolgt eine\nEinschr\u00e4nkung der Datenverarbeitung. In diesem Fall werden die Daten\ngesperrt und nicht f\u00fcr andere Zwecke verarbeitet.<\/p>\n\n\n\n<h4 class=\"wp-block-heading\">Widerspruchsrecht<\/h4>\n\n\n\n<p>Nutzer\ndieser Webseite k\u00f6nnen von ihrem Widerspruchsrecht Gebrauch machen\nund der Verarbeitung ihrer personenbezogenen Daten zu jeder Zeit\nwidersprechen. \n<\/p>\n\n\n\n<p>Wenn Sie eine Berichtigung, Sperrung, L\u00f6schung oder Auskunft \u00fcber die zu Ihrer Person gespeicherten personenbezogenen Daten w\u00fcnschen oder Fragen bzgl. der Erhebung, Verarbeitung oder Verwendung Ihrer personenbezogenen Daten haben oder erteilte Einwilligungen widerrufen m\u00f6chten, wenden Sie sich bitte an folgende E-Mail-Adresse: rainerliebe.photography@gmail.com<\/p>\n","protected":false},"excerpt":{"rendered":"<p>Grundlegendes Diese Datenschutzerkl\u00e4rung soll die Nutzer dieser Website \u00fcber die Art, den Umfang und den Zweck der Erhebung und Verwendung personenbezogener Daten durch den Websitebetreiber Rainer Liebe, Odenwaldstr. 2, 46145 Oberhausen informieren. Der Websitebetreiber nimmt Ihren Datenschutz sehr ernst und behandelt Ihre personenbezogenen Daten vertraulich und entsprechend der gesetzlichen Vorschriften. Da durch neue Technologien und &hellip; <span class=\"read-more\"><a href=\"http:\/\/www.rainerliebe.de\/?page_id=888\" class=\"more-link\">Read More<\/a><\/span><\/p>\n","protected":false},"author":1,"featured_media":0,"parent":0,"menu_order":0,"comment_status":"closed","ping_status":"closed","template":"","meta":{"footnotes":""},"class_list":["post-888","page","type-page","status-publish","hentry"],"_links":{"self":[{"href":"http:\/\/www.rainerliebe.de\/index.php?rest_route=\/wp\/v2\/pages\/888","targetHints":{"allow":["GET"]}}],"collection":[{"href":"http:\/\/www.rainerliebe.de\/index.php?rest_route=\/wp\/v2\/pages"}],"about":[{"href":"http:\/\/www.rainerliebe.de\/index.php?rest_route=\/wp\/v2\/types\/page"}],"author":[{"embeddable":true,"href":"http:\/\/www.rainerliebe.de\/index.php?rest_route=\/wp\/v2\/users\/1"}],"replies":[{"embeddable":true,"href":"http:\/\/www.rainerliebe.de\/index.php?rest_route=%2Fwp%2Fv2%2Fcomments&post=888"}],"version-history":[{"count":3,"href":"http:\/\/www.rainerliebe.de\/index.php?rest_route=\/wp\/v2\/pages\/888\/revisions"}],"predecessor-version":[{"id":1378,"href":"http:\/\/www.rainerliebe.de\/index.php?rest_route=\/wp\/v2\/pages\/888\/revisions\/1378"}],"wp:attachment":[{"href":"http:\/\/www.rainerliebe.de\/index.php?rest_route=%2Fwp%2Fv2%2Fmedia&parent=888"}],"curies":[{"name":"wp","href":"https:\/\/api.w.org\/{rel}","templated":true}]}}