{"id":590,"date":"2014-08-05T00:11:43","date_gmt":"2014-08-04T22:11:43","guid":{"rendered":"http:\/\/www.rainerliebe.de\/?page_id=590"},"modified":"2014-07-28T00:56:30","modified_gmt":"2014-07-27T22:56:30","slug":"umbrellas-at-volkspark","status":"publish","type":"page","link":"http:\/\/www.rainerliebe.de\/?page_id=590","title":{"rendered":"Umbrellas at Volkspark"},"content":{"rendered":"<p><figure id=\"attachment_528\" aria-describedby=\"caption-attachment-528\" style=\"width: 500px\" class=\"wp-caption alignright\"><a href=\"http:\/\/www.rainerliebe.de\/wp-content\/uploads\/UmbrellasAtVolkspark-OB2012_1280.jpg\"><img loading=\"lazy\" decoding=\"async\" src=\"http:\/\/www.rainerliebe.de\/wp-content\/uploads\/UmbrellasAtVolkspark-OB2012_1280-1024x682.jpg\" alt=\"Umbrellas at Volkspark\" width=\"500\" height=\"333\" class=\"size-large wp-image-528\" srcset=\"http:\/\/www.rainerliebe.de\/wp-content\/uploads\/UmbrellasAtVolkspark-OB2012_1280-1024x682.jpg 1024w, http:\/\/www.rainerliebe.de\/wp-content\/uploads\/UmbrellasAtVolkspark-OB2012_1280-300x199.jpg 300w, http:\/\/www.rainerliebe.de\/wp-content\/uploads\/UmbrellasAtVolkspark-OB2012_1280-700x466.jpg 700w, http:\/\/www.rainerliebe.de\/wp-content\/uploads\/UmbrellasAtVolkspark-OB2012_1280.jpg 1280w\" sizes=\"auto, (max-width: 500px) 100vw, 500px\" \/><\/a><figcaption id=\"caption-attachment-528\" class=\"wp-caption-text\">Umbrellas at Volkspark<\/figcaption><\/figure><br \/>\nDer Volkspark in Oberhausen Sterkrade ist durch seine wertvollen alten Laubb\u00e4ume gepr\u00e4gt. Hier gehen tags\u00fcber M\u00fctter mit ihren Kindern spazieren, Abends laufen Jogger ihre Runde.<br \/>\n<figure id=\"attachment_543\" aria-describedby=\"caption-attachment-543\" style=\"width: 300px\" class=\"wp-caption alignleft\"><a href=\"http:\/\/www.rainerliebe.de\/wp-content\/uploads\/UmbrellasAtVolkspark-OB2012-Day_0480.jpg\"><img loading=\"lazy\" decoding=\"async\" src=\"http:\/\/www.rainerliebe.de\/wp-content\/uploads\/UmbrellasAtVolkspark-OB2012-Day_0480-300x200.jpg\" alt=\"Umbrellas at Volkspark - day\" width=\"300\" height=\"200\" class=\"size-medium wp-image-543\" srcset=\"http:\/\/www.rainerliebe.de\/wp-content\/uploads\/UmbrellasAtVolkspark-OB2012-Day_0480-300x200.jpg 300w, http:\/\/www.rainerliebe.de\/wp-content\/uploads\/UmbrellasAtVolkspark-OB2012-Day_0480.jpg 480w\" sizes=\"auto, (max-width: 300px) 100vw, 300px\" \/><\/a><figcaption id=\"caption-attachment-543\" class=\"wp-caption-text\">Umbrellas at Volkspark &#8211; day<\/figcaption><\/figure><\/p>\n","protected":false},"excerpt":{"rendered":"<p>Der Volkspark in Oberhausen Sterkrade ist durch seine wertvollen alten Laubb\u00e4ume gepr\u00e4gt. Hier gehen tags\u00fcber M\u00fctter mit ihren Kindern spazieren, Abends laufen Jogger ihre Runde.<\/p>\n","protected":false},"author":1,"featured_media":0,"parent":378,"menu_order":0,"comment_status":"closed","ping_status":"closed","template":"onecolumn-page.php","meta":{"footnotes":""},"class_list":["post-590","page","type-page","status-publish","hentry"],"_links":{"self":[{"href":"http:\/\/www.rainerliebe.de\/index.php?rest_route=\/wp\/v2\/pages\/590","targetHints":{"allow":["GET"]}}],"collection":[{"href":"http:\/\/www.rainerliebe.de\/index.php?rest_route=\/wp\/v2\/pages"}],"about":[{"href":"http:\/\/www.rainerliebe.de\/index.php?rest_route=\/wp\/v2\/types\/page"}],"author":[{"embeddable":true,"href":"http:\/\/www.rainerliebe.de\/index.php?rest_route=\/wp\/v2\/users\/1"}],"replies":[{"embeddable":true,"href":"http:\/\/www.rainerliebe.de\/index.php?rest_route=%2Fwp%2Fv2%2Fcomments&post=590"}],"version-history":[{"count":3,"href":"http:\/\/www.rainerliebe.de\/index.php?rest_route=\/wp\/v2\/pages\/590\/revisions"}],"predecessor-version":[{"id":606,"href":"http:\/\/www.rainerliebe.de\/index.php?rest_route=\/wp\/v2\/pages\/590\/revisions\/606"}],"up":[{"embeddable":true,"href":"http:\/\/www.rainerliebe.de\/index.php?rest_route=\/wp\/v2\/pages\/378"}],"wp:attachment":[{"href":"http:\/\/www.rainerliebe.de\/index.php?rest_route=%2Fwp%2Fv2%2Fmedia&parent=590"}],"curies":[{"name":"wp","href":"https:\/\/api.w.org\/{rel}","templated":true}]}}