{"id":582,"date":"2014-08-04T23:53:54","date_gmt":"2014-08-04T21:53:54","guid":{"rendered":"http:\/\/www.rainerliebe.de\/?page_id=582"},"modified":"2021-01-25T22:17:39","modified_gmt":"2021-01-25T21:17:39","slug":"slinky-springs-to-fame","status":"publish","type":"page","link":"http:\/\/www.rainerliebe.de\/?page_id=582","title":{"rendered":"Slinky springs to fame"},"content":{"rendered":"\n<div class=\"wp-block-image\"><figure class=\"alignright\"><a href=\"http:\/\/www.rainerliebe.de\/wp-content\/uploads\/SlinkySpringsToFame-OB2012_1280.jpg\"><img loading=\"lazy\" decoding=\"async\" width=\"1024\" height=\"682\" src=\"http:\/\/www.rainerliebe.de\/wp-content\/uploads\/SlinkySpringsToFame-OB2012_1280-1024x682.jpg\" alt=\"Slinky springs to fame\" class=\"wp-image-526\" srcset=\"http:\/\/www.rainerliebe.de\/wp-content\/uploads\/SlinkySpringsToFame-OB2012_1280-1024x682.jpg 1024w, http:\/\/www.rainerliebe.de\/wp-content\/uploads\/SlinkySpringsToFame-OB2012_1280-300x199.jpg 300w, http:\/\/www.rainerliebe.de\/wp-content\/uploads\/SlinkySpringsToFame-OB2012_1280-700x466.jpg 700w, http:\/\/www.rainerliebe.de\/wp-content\/uploads\/SlinkySpringsToFame-OB2012_1280.jpg 1280w\" sizes=\"auto, (max-width: 1024px) 100vw, 1024px\" \/><\/a><figcaption>Slinky springs to fame<\/figcaption><\/figure><\/div>\n\n\n\n<p>Als Inspiration des Spiralspielzeugs \u201eSlinky\u201c hat Tobias Rehberger die Br\u00fcckenskulptur der 406m langen Br\u00fcckenskulptur mit Aluminiumb\u00f6gen \u00fcber den Rhein Herne Kanal entworfen. Die Br\u00fccke am Kaisergarten, der damit um eine Attraktion reicher geworden ist, hat im Volksmund die Bezeichnung Rehberger Br\u00fccke bekommen.<\/p>\n\n\n\n<div class=\"wp-block-image\"><figure class=\"alignleft\"><a href=\"http:\/\/www.rainerliebe.de\/wp-content\/uploads\/SlinkySpringsToFame-OB2012-5604-Day_0480.jpg\"><img loading=\"lazy\" decoding=\"async\" width=\"300\" height=\"200\" src=\"http:\/\/www.rainerliebe.de\/wp-content\/uploads\/SlinkySpringsToFame-OB2012-5604-Day_0480-300x200.jpg\" alt=\"Slinky springs to fame - day\" class=\"wp-image-542\" srcset=\"http:\/\/www.rainerliebe.de\/wp-content\/uploads\/SlinkySpringsToFame-OB2012-5604-Day_0480-300x200.jpg 300w, http:\/\/www.rainerliebe.de\/wp-content\/uploads\/SlinkySpringsToFame-OB2012-5604-Day_0480.jpg 480w\" sizes=\"auto, (max-width: 300px) 100vw, 300px\" \/><\/a><figcaption>Slinky springs to fame &#8211; day<\/figcaption><\/figure><\/div>\n\n\n\n<p><\/p>\n","protected":false},"excerpt":{"rendered":"<p>Als Inspiration des Spiralspielzeugs \u201eSlinky\u201c hat Tobias Rehberger die Br\u00fcckenskulptur der 406m langen Br\u00fcckenskulptur mit Aluminiumb\u00f6gen \u00fcber den Rhein Herne Kanal entworfen. Die Br\u00fccke am Kaisergarten, der damit um eine Attraktion reicher geworden ist, hat im Volksmund die Bezeichnung Rehberger Br\u00fccke bekommen.<\/p>\n","protected":false},"author":1,"featured_media":0,"parent":1247,"menu_order":0,"comment_status":"closed","ping_status":"closed","template":"","meta":{"footnotes":""},"class_list":["post-582","page","type-page","status-publish","hentry"],"_links":{"self":[{"href":"http:\/\/www.rainerliebe.de\/index.php?rest_route=\/wp\/v2\/pages\/582","targetHints":{"allow":["GET"]}}],"collection":[{"href":"http:\/\/www.rainerliebe.de\/index.php?rest_route=\/wp\/v2\/pages"}],"about":[{"href":"http:\/\/www.rainerliebe.de\/index.php?rest_route=\/wp\/v2\/types\/page"}],"author":[{"embeddable":true,"href":"http:\/\/www.rainerliebe.de\/index.php?rest_route=\/wp\/v2\/users\/1"}],"replies":[{"embeddable":true,"href":"http:\/\/www.rainerliebe.de\/index.php?rest_route=%2Fwp%2Fv2%2Fcomments&post=582"}],"version-history":[{"count":5,"href":"http:\/\/www.rainerliebe.de\/index.php?rest_route=\/wp\/v2\/pages\/582\/revisions"}],"predecessor-version":[{"id":1298,"href":"http:\/\/www.rainerliebe.de\/index.php?rest_route=\/wp\/v2\/pages\/582\/revisions\/1298"}],"up":[{"embeddable":true,"href":"http:\/\/www.rainerliebe.de\/index.php?rest_route=\/wp\/v2\/pages\/1247"}],"wp:attachment":[{"href":"http:\/\/www.rainerliebe.de\/index.php?rest_route=%2Fwp%2Fv2%2Fmedia&parent=582"}],"curies":[{"name":"wp","href":"https:\/\/api.w.org\/{rel}","templated":true}]}}