{"id":578,"date":"2014-08-04T23:47:03","date_gmt":"2014-08-04T21:47:03","guid":{"rendered":"http:\/\/www.rainerliebe.de\/?page_id=578"},"modified":"2021-01-25T21:01:05","modified_gmt":"2021-01-25T20:01:05","slug":"lunch-box-bridge","status":"publish","type":"page","link":"http:\/\/www.rainerliebe.de\/?page_id=578","title":{"rendered":"Lunch box bridge"},"content":{"rendered":"<figure id=\"attachment_524\" aria-describedby=\"caption-attachment-524\" style=\"width: 500px\" class=\"wp-caption alignright\"><a href=\"http:\/\/www.rainerliebe.de\/wp-content\/uploads\/LunchBoxBridge-OB2013_1280.jpg\"><img loading=\"lazy\" decoding=\"async\" class=\"size-large wp-image-524\" src=\"http:\/\/www.rainerliebe.de\/wp-content\/uploads\/LunchBoxBridge-OB2013_1280-682x1024.jpg\" alt=\"Lunch box bridge\" width=\"500\" height=\"750\" srcset=\"http:\/\/www.rainerliebe.de\/wp-content\/uploads\/LunchBoxBridge-OB2013_1280-682x1024.jpg 682w, http:\/\/www.rainerliebe.de\/wp-content\/uploads\/LunchBoxBridge-OB2013_1280-199x300.jpg 199w, http:\/\/www.rainerliebe.de\/wp-content\/uploads\/LunchBoxBridge-OB2013_1280-466x700.jpg 466w, http:\/\/www.rainerliebe.de\/wp-content\/uploads\/LunchBoxBridge-OB2013_1280.jpg 853w\" sizes=\"auto, (max-width: 500px) 100vw, 500px\" \/><\/a><figcaption id=\"caption-attachment-524\" class=\"wp-caption-text\">Lunch box bridge<\/figcaption><\/figure>\n<p>Die Henkelmannbr\u00fccke f\u00fchrte vom Knappenviertel in Oberhausen \u00fcber die K\u00f6ln-Mindener Eisenbahn zur ehemaligen Gute Hoffungs H\u00fctte (GHH). Zu dieser Zeit waren zw\u00f6lf Stunden Schichten an der Tagesordnung. Um die arbeitenden M\u00e4nner zu versorgen lie\u00dfen die Frauen und Kinder zu den Pausenzeiten Henkelm\u00e4nner an Bindf\u00e4den die Br\u00fccke herunter.<\/p>\n<p>Die roten Kreise symbolisieren die Personen, die an der Br\u00fccke standen und die Henkelm\u00e4nner herunterlie\u00dfen.<\/p>\n<figure id=\"attachment_541\" aria-describedby=\"caption-attachment-541\" style=\"width: 200px\" class=\"wp-caption alignleft\"><a href=\"http:\/\/www.rainerliebe.de\/wp-content\/uploads\/LunchBoxBridge-OB2013-Day_0480.jpg\"><img loading=\"lazy\" decoding=\"async\" class=\"size-medium wp-image-541\" src=\"http:\/\/www.rainerliebe.de\/wp-content\/uploads\/LunchBoxBridge-OB2013-Day_0480-200x300.jpg\" alt=\"Lunch box bridge - day\" width=\"200\" height=\"300\" srcset=\"http:\/\/www.rainerliebe.de\/wp-content\/uploads\/LunchBoxBridge-OB2013-Day_0480-200x300.jpg 200w, http:\/\/www.rainerliebe.de\/wp-content\/uploads\/LunchBoxBridge-OB2013-Day_0480.jpg 320w\" sizes=\"auto, (max-width: 200px) 100vw, 200px\" \/><\/a><figcaption id=\"caption-attachment-541\" class=\"wp-caption-text\">Lunch box bridge &#8211; day<\/figcaption><\/figure>\n","protected":false},"excerpt":{"rendered":"<p>Die Henkelmannbr\u00fccke f\u00fchrte vom Knappenviertel in Oberhausen \u00fcber die K\u00f6ln-Mindener Eisenbahn zur ehemaligen Gute Hoffungs H\u00fctte (GHH). Zu dieser Zeit waren zw\u00f6lf Stunden Schichten an der Tagesordnung. Um die arbeitenden M\u00e4nner zu versorgen lie\u00dfen die Frauen und Kinder zu den Pausenzeiten Henkelm\u00e4nner an Bindf\u00e4den die Br\u00fccke herunter. Die roten Kreise symbolisieren die Personen, die an &hellip; <span class=\"read-more\"><a href=\"http:\/\/www.rainerliebe.de\/?page_id=578\" class=\"more-link\">Read More<\/a><\/span><\/p>\n","protected":false},"author":1,"featured_media":0,"parent":1247,"menu_order":0,"comment_status":"closed","ping_status":"closed","template":"","meta":{"footnotes":""},"class_list":["post-578","page","type-page","status-publish","hentry"],"_links":{"self":[{"href":"http:\/\/www.rainerliebe.de\/index.php?rest_route=\/wp\/v2\/pages\/578","targetHints":{"allow":["GET"]}}],"collection":[{"href":"http:\/\/www.rainerliebe.de\/index.php?rest_route=\/wp\/v2\/pages"}],"about":[{"href":"http:\/\/www.rainerliebe.de\/index.php?rest_route=\/wp\/v2\/types\/page"}],"author":[{"embeddable":true,"href":"http:\/\/www.rainerliebe.de\/index.php?rest_route=\/wp\/v2\/users\/1"}],"replies":[{"embeddable":true,"href":"http:\/\/www.rainerliebe.de\/index.php?rest_route=%2Fwp%2Fv2%2Fcomments&post=578"}],"version-history":[{"count":4,"href":"http:\/\/www.rainerliebe.de\/index.php?rest_route=\/wp\/v2\/pages\/578\/revisions"}],"predecessor-version":[{"id":624,"href":"http:\/\/www.rainerliebe.de\/index.php?rest_route=\/wp\/v2\/pages\/578\/revisions\/624"}],"up":[{"embeddable":true,"href":"http:\/\/www.rainerliebe.de\/index.php?rest_route=\/wp\/v2\/pages\/1247"}],"wp:attachment":[{"href":"http:\/\/www.rainerliebe.de\/index.php?rest_route=%2Fwp%2Fv2%2Fmedia&parent=578"}],"curies":[{"name":"wp","href":"https:\/\/api.w.org\/{rel}","templated":true}]}}