{"id":575,"date":"2014-08-04T23:42:48","date_gmt":"2014-08-04T21:42:48","guid":{"rendered":"http:\/\/www.rainerliebe.de\/?page_id=575"},"modified":"2021-01-25T21:01:05","modified_gmt":"2021-01-25T20:01:05","slug":"lampions-at-water-tower","status":"publish","type":"page","link":"http:\/\/www.rainerliebe.de\/?page_id=575","title":{"rendered":"Lampions at water tower"},"content":{"rendered":"<p><figure id=\"attachment_515\" aria-describedby=\"caption-attachment-515\" style=\"width: 500px\" class=\"wp-caption alignright\"><a href=\"http:\/\/www.rainerliebe.de\/wp-content\/uploads\/LampionsAtWaterTower-OB2013a_1280.jpg\"><img loading=\"lazy\" decoding=\"async\" src=\"http:\/\/www.rainerliebe.de\/wp-content\/uploads\/LampionsAtWaterTower-OB2013a_1280-682x1024.jpg\" alt=\"Lampions at water tower\" width=\"500\" height=\"750\" class=\"size-large wp-image-515\" srcset=\"http:\/\/www.rainerliebe.de\/wp-content\/uploads\/LampionsAtWaterTower-OB2013a_1280-682x1024.jpg 682w, http:\/\/www.rainerliebe.de\/wp-content\/uploads\/LampionsAtWaterTower-OB2013a_1280-199x300.jpg 199w, http:\/\/www.rainerliebe.de\/wp-content\/uploads\/LampionsAtWaterTower-OB2013a_1280-466x700.jpg 466w, http:\/\/www.rainerliebe.de\/wp-content\/uploads\/LampionsAtWaterTower-OB2013a_1280.jpg 853w\" sizes=\"auto, (max-width: 500px) 100vw, 500px\" \/><\/a><figcaption id=\"caption-attachment-515\" class=\"wp-caption-text\">Lampions at water tower<\/figcaption><\/figure><br \/>\nWassert\u00fcrme sorgen durch das hydrostatische Prinzip f\u00fcr einen gleichm\u00e4\u00dfigen Druck des Wasserversorgungsnetzes. Heutzutage l\u00f6sen geregelte Pumpen den n\u00f6tigen Druck des Wassernetztes. Die Lampions symbolisieren eine Hommage auf den Wasserturm, der einst daf\u00fcr gesorgt hat, das flie\u00dfendes Wasser aus der Wand kommt.<br \/>\n<figure id=\"attachment_535\" aria-describedby=\"caption-attachment-535\" style=\"width: 200px\" class=\"wp-caption alignleft\"><a href=\"http:\/\/www.rainerliebe.de\/wp-content\/uploads\/LampionsAtWaterTower-OB2013a-day_0480.jpg\"><img loading=\"lazy\" decoding=\"async\" src=\"http:\/\/www.rainerliebe.de\/wp-content\/uploads\/LampionsAtWaterTower-OB2013a-day_0480-200x300.jpg\" alt=\"Lampions at water tower - day\" width=\"200\" height=\"300\" class=\"size-medium wp-image-535\" srcset=\"http:\/\/www.rainerliebe.de\/wp-content\/uploads\/LampionsAtWaterTower-OB2013a-day_0480-200x300.jpg 200w, http:\/\/www.rainerliebe.de\/wp-content\/uploads\/LampionsAtWaterTower-OB2013a-day_0480.jpg 320w\" sizes=\"auto, (max-width: 200px) 100vw, 200px\" \/><\/a><figcaption id=\"caption-attachment-535\" class=\"wp-caption-text\">Lampions at water tower &#8211; day<\/figcaption><\/figure><\/p>\n","protected":false},"excerpt":{"rendered":"<p>Wassert\u00fcrme sorgen durch das hydrostatische Prinzip f\u00fcr einen gleichm\u00e4\u00dfigen Druck des Wasserversorgungsnetzes. Heutzutage l\u00f6sen geregelte Pumpen den n\u00f6tigen Druck des Wassernetztes. Die Lampions symbolisieren eine Hommage auf den Wasserturm, der einst daf\u00fcr gesorgt hat, das flie\u00dfendes Wasser aus der Wand kommt.<\/p>\n","protected":false},"author":1,"featured_media":0,"parent":1247,"menu_order":0,"comment_status":"closed","ping_status":"closed","template":"","meta":{"footnotes":""},"class_list":["post-575","page","type-page","status-publish","hentry"],"_links":{"self":[{"href":"http:\/\/www.rainerliebe.de\/index.php?rest_route=\/wp\/v2\/pages\/575","targetHints":{"allow":["GET"]}}],"collection":[{"href":"http:\/\/www.rainerliebe.de\/index.php?rest_route=\/wp\/v2\/pages"}],"about":[{"href":"http:\/\/www.rainerliebe.de\/index.php?rest_route=\/wp\/v2\/types\/page"}],"author":[{"embeddable":true,"href":"http:\/\/www.rainerliebe.de\/index.php?rest_route=\/wp\/v2\/users\/1"}],"replies":[{"embeddable":true,"href":"http:\/\/www.rainerliebe.de\/index.php?rest_route=%2Fwp%2Fv2%2Fcomments&post=575"}],"version-history":[{"count":2,"href":"http:\/\/www.rainerliebe.de\/index.php?rest_route=\/wp\/v2\/pages\/575\/revisions"}],"predecessor-version":[{"id":577,"href":"http:\/\/www.rainerliebe.de\/index.php?rest_route=\/wp\/v2\/pages\/575\/revisions\/577"}],"up":[{"embeddable":true,"href":"http:\/\/www.rainerliebe.de\/index.php?rest_route=\/wp\/v2\/pages\/1247"}],"wp:attachment":[{"href":"http:\/\/www.rainerliebe.de\/index.php?rest_route=%2Fwp%2Fv2%2Fmedia&parent=575"}],"curies":[{"name":"wp","href":"https:\/\/api.w.org\/{rel}","templated":true}]}}