{"id":568,"date":"2014-08-04T23:26:49","date_gmt":"2014-08-04T21:26:49","guid":{"rendered":"http:\/\/www.rainerliebe.de\/?page_id=568"},"modified":"2021-01-25T21:01:04","modified_gmt":"2021-01-25T20:01:04","slug":"entree-of-the-emperors-garden","status":"publish","type":"page","link":"http:\/\/www.rainerliebe.de\/?page_id=568","title":{"rendered":"Entree of the emperors garden"},"content":{"rendered":"<p><figure id=\"attachment_511\" aria-describedby=\"caption-attachment-511\" style=\"width: 500px\" class=\"wp-caption alignright\"><a href=\"http:\/\/www.rainerliebe.de\/wp-content\/uploads\/EntreeOfTheEmperorsGarden-OB2013_1280.jpg\"><img loading=\"lazy\" decoding=\"async\" src=\"http:\/\/www.rainerliebe.de\/wp-content\/uploads\/EntreeOfTheEmperorsGarden-OB2013_1280-1024x682.jpg\" alt=\"Entree of the emperors garden\" width=\"500\" height=\"333\" class=\"size-large wp-image-511\" srcset=\"http:\/\/www.rainerliebe.de\/wp-content\/uploads\/EntreeOfTheEmperorsGarden-OB2013_1280-1024x682.jpg 1024w, http:\/\/www.rainerliebe.de\/wp-content\/uploads\/EntreeOfTheEmperorsGarden-OB2013_1280-300x199.jpg 300w, http:\/\/www.rainerliebe.de\/wp-content\/uploads\/EntreeOfTheEmperorsGarden-OB2013_1280-700x466.jpg 700w, http:\/\/www.rainerliebe.de\/wp-content\/uploads\/EntreeOfTheEmperorsGarden-OB2013_1280.jpg 1280w\" sizes=\"auto, (max-width: 500px) 100vw, 500px\" \/><\/a><figcaption id=\"caption-attachment-511\" class=\"wp-caption-text\">Entree of the emperors garden<\/figcaption><\/figure><br \/>\nDas Schloss Oberhausen im klassizistischen Stil erbaut, pr\u00e4gte der heute \u00fcber 200.000 Einwohner Stadt Oberhausen ihren Namen. Der Kaisergarten, welcher das Schloss umgibt, wurde sp\u00e4ter von der Stadt gestaltet und der \u00d6ffentlichkeit zug\u00e4nglich gemacht. Der Name leitet sich ab durch den hundertsten Geburtstags des ersten deutschen Kaisers.<br \/>\n<figure id=\"attachment_533\" aria-describedby=\"caption-attachment-533\" style=\"width: 300px\" class=\"wp-caption alignleft\"><a href=\"http:\/\/www.rainerliebe.de\/wp-content\/uploads\/EntreeOfTheEmperorsGarden-OB2013-day-1010600_0480.jpg\"><img loading=\"lazy\" decoding=\"async\" src=\"http:\/\/www.rainerliebe.de\/wp-content\/uploads\/EntreeOfTheEmperorsGarden-OB2013-day-1010600_0480-300x225.jpg\" alt=\"Entree of the emperors garden - day\" width=\"300\" height=\"225\" class=\"size-medium wp-image-533\" srcset=\"http:\/\/www.rainerliebe.de\/wp-content\/uploads\/EntreeOfTheEmperorsGarden-OB2013-day-1010600_0480-300x225.jpg 300w, http:\/\/www.rainerliebe.de\/wp-content\/uploads\/EntreeOfTheEmperorsGarden-OB2013-day-1010600_0480.jpg 480w\" sizes=\"auto, (max-width: 300px) 100vw, 300px\" \/><\/a><figcaption id=\"caption-attachment-533\" class=\"wp-caption-text\">Entree of the emperors garden &#8211; day<\/figcaption><\/figure><\/p>\n","protected":false},"excerpt":{"rendered":"<p>Das Schloss Oberhausen im klassizistischen Stil erbaut, pr\u00e4gte der heute \u00fcber 200.000 Einwohner Stadt Oberhausen ihren Namen. Der Kaisergarten, welcher das Schloss umgibt, wurde sp\u00e4ter von der Stadt gestaltet und der \u00d6ffentlichkeit zug\u00e4nglich gemacht. Der Name leitet sich ab durch den hundertsten Geburtstags des ersten deutschen Kaisers.<\/p>\n","protected":false},"author":1,"featured_media":0,"parent":1247,"menu_order":0,"comment_status":"closed","ping_status":"closed","template":"","meta":{"footnotes":""},"class_list":["post-568","page","type-page","status-publish","hentry"],"_links":{"self":[{"href":"http:\/\/www.rainerliebe.de\/index.php?rest_route=\/wp\/v2\/pages\/568","targetHints":{"allow":["GET"]}}],"collection":[{"href":"http:\/\/www.rainerliebe.de\/index.php?rest_route=\/wp\/v2\/pages"}],"about":[{"href":"http:\/\/www.rainerliebe.de\/index.php?rest_route=\/wp\/v2\/types\/page"}],"author":[{"embeddable":true,"href":"http:\/\/www.rainerliebe.de\/index.php?rest_route=\/wp\/v2\/users\/1"}],"replies":[{"embeddable":true,"href":"http:\/\/www.rainerliebe.de\/index.php?rest_route=%2Fwp%2Fv2%2Fcomments&post=568"}],"version-history":[{"count":1,"href":"http:\/\/www.rainerliebe.de\/index.php?rest_route=\/wp\/v2\/pages\/568\/revisions"}],"predecessor-version":[{"id":569,"href":"http:\/\/www.rainerliebe.de\/index.php?rest_route=\/wp\/v2\/pages\/568\/revisions\/569"}],"up":[{"embeddable":true,"href":"http:\/\/www.rainerliebe.de\/index.php?rest_route=\/wp\/v2\/pages\/1247"}],"wp:attachment":[{"href":"http:\/\/www.rainerliebe.de\/index.php?rest_route=%2Fwp%2Fv2%2Fmedia&parent=568"}],"curies":[{"name":"wp","href":"https:\/\/api.w.org\/{rel}","templated":true}]}}