{"id":559,"date":"2014-08-05T00:07:10","date_gmt":"2014-08-04T22:07:10","guid":{"rendered":"http:\/\/www.rainerliebe.de\/?page_id=559"},"modified":"2021-01-25T20:59:17","modified_gmt":"2021-01-25T19:59:17","slug":"arena-of-good-hope","status":"publish","type":"page","link":"http:\/\/www.rainerliebe.de\/?page_id=559","title":{"rendered":"Arena of good hope"},"content":{"rendered":"<figure id=\"attachment_507\" aria-describedby=\"caption-attachment-507\" style=\"width: 500px\" class=\"wp-caption alignright\"><a href=\"http:\/\/www.rainerliebe.de\/wp-content\/uploads\/ArenaOfGoodHope-OB2013_1280.jpg\"><img loading=\"lazy\" decoding=\"async\" class=\"size-large wp-image-507\" src=\"http:\/\/www.rainerliebe.de\/wp-content\/uploads\/ArenaOfGoodHope-OB2013_1280-1024x682.jpg\" alt=\"Arena of good hope\" width=\"500\" height=\"333\" srcset=\"http:\/\/www.rainerliebe.de\/wp-content\/uploads\/ArenaOfGoodHope-OB2013_1280-1024x682.jpg 1024w, http:\/\/www.rainerliebe.de\/wp-content\/uploads\/ArenaOfGoodHope-OB2013_1280-300x199.jpg 300w, http:\/\/www.rainerliebe.de\/wp-content\/uploads\/ArenaOfGoodHope-OB2013_1280-700x466.jpg 700w, http:\/\/www.rainerliebe.de\/wp-content\/uploads\/ArenaOfGoodHope-OB2013_1280.jpg 1280w\" sizes=\"auto, (max-width: 500px) 100vw, 500px\" \/><\/a><figcaption id=\"caption-attachment-507\" class=\"wp-caption-text\">Arena of good hope<\/figcaption><\/figure>\n<p>Die Arena in Oberhausen wurde im Rahmen des Strukturwandels in 14 Monaten Bauzeit auf dem ehemaligen Gel\u00e4nde der Gute Hoffnungs H\u00fctte 1996 fertiggestellt. Industrierelikte aus der Vergangenheit sind nur wenige Meter auf der gegen\u00fcberliegenden Stra\u00dfenseite entfernt, welche zu dem Peter Behrens Bau geh\u00f6ren.<\/p>\n<figure id=\"attachment_531\" aria-describedby=\"caption-attachment-531\" style=\"width: 300px\" class=\"wp-caption alignleft\"><a href=\"http:\/\/www.rainerliebe.de\/wp-content\/uploads\/ArenaOfGoodHope-OB2013-day2_0480.jpg\"><img loading=\"lazy\" decoding=\"async\" class=\"size-medium wp-image-531\" src=\"http:\/\/www.rainerliebe.de\/wp-content\/uploads\/ArenaOfGoodHope-OB2013-day2_0480-300x200.jpg\" alt=\"Arena of good hope - day\" width=\"300\" height=\"200\" srcset=\"http:\/\/www.rainerliebe.de\/wp-content\/uploads\/ArenaOfGoodHope-OB2013-day2_0480-300x200.jpg 300w, http:\/\/www.rainerliebe.de\/wp-content\/uploads\/ArenaOfGoodHope-OB2013-day2_0480.jpg 480w\" sizes=\"auto, (max-width: 300px) 100vw, 300px\" \/><\/a><figcaption id=\"caption-attachment-531\" class=\"wp-caption-text\">Arena of good hope &#8211; day<\/figcaption><\/figure>\n<p><a href=\"javascript:history.back();\">Zur\u00fcck<\/a><\/p>\n","protected":false},"excerpt":{"rendered":"<p>Die Arena in Oberhausen wurde im Rahmen des Strukturwandels in 14 Monaten Bauzeit auf dem ehemaligen Gel\u00e4nde der Gute Hoffnungs H\u00fctte 1996 fertiggestellt. Industrierelikte aus der Vergangenheit sind nur wenige Meter auf der gegen\u00fcberliegenden Stra\u00dfenseite entfernt, welche zu dem Peter Behrens Bau geh\u00f6ren. Zur\u00fcck<\/p>\n","protected":false},"author":1,"featured_media":0,"parent":1247,"menu_order":0,"comment_status":"closed","ping_status":"closed","template":"","meta":{"footnotes":""},"class_list":["post-559","page","type-page","status-publish","hentry"],"_links":{"self":[{"href":"http:\/\/www.rainerliebe.de\/index.php?rest_route=\/wp\/v2\/pages\/559","targetHints":{"allow":["GET"]}}],"collection":[{"href":"http:\/\/www.rainerliebe.de\/index.php?rest_route=\/wp\/v2\/pages"}],"about":[{"href":"http:\/\/www.rainerliebe.de\/index.php?rest_route=\/wp\/v2\/types\/page"}],"author":[{"embeddable":true,"href":"http:\/\/www.rainerliebe.de\/index.php?rest_route=\/wp\/v2\/users\/1"}],"replies":[{"embeddable":true,"href":"http:\/\/www.rainerliebe.de\/index.php?rest_route=%2Fwp%2Fv2%2Fcomments&post=559"}],"version-history":[{"count":4,"href":"http:\/\/www.rainerliebe.de\/index.php?rest_route=\/wp\/v2\/pages\/559\/revisions"}],"predecessor-version":[{"id":1276,"href":"http:\/\/www.rainerliebe.de\/index.php?rest_route=\/wp\/v2\/pages\/559\/revisions\/1276"}],"up":[{"embeddable":true,"href":"http:\/\/www.rainerliebe.de\/index.php?rest_route=\/wp\/v2\/pages\/1247"}],"wp:attachment":[{"href":"http:\/\/www.rainerliebe.de\/index.php?rest_route=%2Fwp%2Fv2%2Fmedia&parent=559"}],"curies":[{"name":"wp","href":"https:\/\/api.w.org\/{rel}","templated":true}]}}