{"id":472,"date":"2014-08-04T20:57:52","date_gmt":"2014-08-04T18:57:52","guid":{"rendered":"http:\/\/www.rainerliebe.de\/?page_id=472"},"modified":"2021-01-25T22:15:45","modified_gmt":"2021-01-25T21:15:45","slug":"balls-in-washhouse","status":"publish","type":"page","link":"http:\/\/www.rainerliebe.de\/?page_id=472","title":{"rendered":"Balls in washhouse"},"content":{"rendered":"\n<div class=\"wp-block-image\"><figure class=\"alignright\"><a href=\"http:\/\/www.rainerliebe.de\/wp-content\/uploads\/LP-BallsInWashhouse-OB2014_1280.jpg\"><img loading=\"lazy\" decoding=\"async\" width=\"1024\" height=\"682\" src=\"http:\/\/www.rainerliebe.de\/wp-content\/uploads\/LP-BallsInWashhouse-OB2014_1280-1024x682.jpg\" alt=\"Balls in washhouse\" class=\"wp-image-470\" srcset=\"http:\/\/www.rainerliebe.de\/wp-content\/uploads\/LP-BallsInWashhouse-OB2014_1280-1024x682.jpg 1024w, http:\/\/www.rainerliebe.de\/wp-content\/uploads\/LP-BallsInWashhouse-OB2014_1280-300x199.jpg 300w, http:\/\/www.rainerliebe.de\/wp-content\/uploads\/LP-BallsInWashhouse-OB2014_1280-700x466.jpg 700w, http:\/\/www.rainerliebe.de\/wp-content\/uploads\/LP-BallsInWashhouse-OB2014_1280.jpg 1280w\" sizes=\"auto, (max-width: 1024px) 100vw, 1024px\" \/><\/a><figcaption>Balls in washhouse<\/figcaption><\/figure><\/div>\n\n\n\n<p>Die Zeche Osterfeld, Schacht 4 erlebte nach dem zweiten Weltkrieg noch einmal eine Renaissance. Die Waschkaue, in der sich die Bergarbeiter nach getaner Arbeit duschten, war f\u00fcr \u00fcber 1000 Personen ausgelegt.<\/p>\n\n\n\n<p>Die B\u00e4lle stehen symbolisch f\u00fcr die W\u00e4sches\u00e4cke, welche die Kumpels zur Schicht an Ketten hochgezogen haben.<\/p>\n\n\n\n<div class=\"wp-block-image\"><figure class=\"alignleft\"><a href=\"http:\/\/www.rainerliebe.de\/wp-content\/uploads\/LP-BallsInWashhouse-OB2014-4842-day_0480.jpg\"><img loading=\"lazy\" decoding=\"async\" width=\"300\" height=\"200\" src=\"http:\/\/www.rainerliebe.de\/wp-content\/uploads\/LP-BallsInWashhouse-OB2014-4842-day_0480-300x200.jpg\" alt=\"Balls In washhouse\" class=\"wp-image-537\" srcset=\"http:\/\/www.rainerliebe.de\/wp-content\/uploads\/LP-BallsInWashhouse-OB2014-4842-day_0480-300x200.jpg 300w, http:\/\/www.rainerliebe.de\/wp-content\/uploads\/LP-BallsInWashhouse-OB2014-4842-day_0480.jpg 480w\" sizes=\"auto, (max-width: 300px) 100vw, 300px\" \/><\/a><figcaption>Balls In washhouse &#8211; day<\/figcaption><\/figure><\/div>\n","protected":false},"excerpt":{"rendered":"<p>Die Zeche Osterfeld, Schacht 4 erlebte nach dem zweiten Weltkrieg noch einmal eine Renaissance. Die Waschkaue, in der sich die Bergarbeiter nach getaner Arbeit duschten, war f\u00fcr \u00fcber 1000 Personen ausgelegt. Die B\u00e4lle stehen symbolisch f\u00fcr die W\u00e4sches\u00e4cke, welche die Kumpels zur Schicht an Ketten hochgezogen haben.<\/p>\n","protected":false},"author":1,"featured_media":0,"parent":1247,"menu_order":0,"comment_status":"closed","ping_status":"closed","template":"","meta":{"footnotes":""},"class_list":["post-472","page","type-page","status-publish","hentry"],"_links":{"self":[{"href":"http:\/\/www.rainerliebe.de\/index.php?rest_route=\/wp\/v2\/pages\/472","targetHints":{"allow":["GET"]}}],"collection":[{"href":"http:\/\/www.rainerliebe.de\/index.php?rest_route=\/wp\/v2\/pages"}],"about":[{"href":"http:\/\/www.rainerliebe.de\/index.php?rest_route=\/wp\/v2\/types\/page"}],"author":[{"embeddable":true,"href":"http:\/\/www.rainerliebe.de\/index.php?rest_route=\/wp\/v2\/users\/1"}],"replies":[{"embeddable":true,"href":"http:\/\/www.rainerliebe.de\/index.php?rest_route=%2Fwp%2Fv2%2Fcomments&post=472"}],"version-history":[{"count":18,"href":"http:\/\/www.rainerliebe.de\/index.php?rest_route=\/wp\/v2\/pages\/472\/revisions"}],"predecessor-version":[{"id":1297,"href":"http:\/\/www.rainerliebe.de\/index.php?rest_route=\/wp\/v2\/pages\/472\/revisions\/1297"}],"up":[{"embeddable":true,"href":"http:\/\/www.rainerliebe.de\/index.php?rest_route=\/wp\/v2\/pages\/1247"}],"wp:attachment":[{"href":"http:\/\/www.rainerliebe.de\/index.php?rest_route=%2Fwp%2Fv2%2Fmedia&parent=472"}],"curies":[{"name":"wp","href":"https:\/\/api.w.org\/{rel}","templated":true}]}}