{"id":453,"date":"2014-08-04T02:14:49","date_gmt":"2014-08-04T00:14:49","guid":{"rendered":"http:\/\/www.rainerliebe.de\/?page_id=453"},"modified":"2015-03-13T22:25:42","modified_gmt":"2015-03-13T21:25:42","slug":"shaft-4","status":"publish","type":"page","link":"http:\/\/www.rainerliebe.de\/?page_id=453","title":{"rendered":"Shaft 4"},"content":{"rendered":"<figure id=\"attachment_454\" aria-describedby=\"caption-attachment-454\" style=\"width: 500px\" class=\"wp-caption alignright\"><a href=\"http:\/\/www.rainerliebe.de\/wp-content\/uploads\/LP-Shaft4-OB2014_1280.jpg\"><img loading=\"lazy\" decoding=\"async\" class=\"size-large wp-image-454\" src=\"http:\/\/www.rainerliebe.de\/wp-content\/uploads\/LP-Shaft4-OB2014_1280-682x1024.jpg\" alt=\"Shaft 4\" width=\"500\" height=\"750\" srcset=\"http:\/\/www.rainerliebe.de\/wp-content\/uploads\/LP-Shaft4-OB2014_1280-682x1024.jpg 682w, http:\/\/www.rainerliebe.de\/wp-content\/uploads\/LP-Shaft4-OB2014_1280-199x300.jpg 199w, http:\/\/www.rainerliebe.de\/wp-content\/uploads\/LP-Shaft4-OB2014_1280-466x700.jpg 466w, http:\/\/www.rainerliebe.de\/wp-content\/uploads\/LP-Shaft4-OB2014_1280.jpg 853w\" sizes=\"auto, (max-width: 500px) 100vw, 500px\" \/><\/a><figcaption id=\"caption-attachment-454\" class=\"wp-caption-text\">Shaft 4<\/figcaption><\/figure>\n<p>Der Schacht der Zeche Osterfeld 4 in Oberhausen galt als gelungenes Beispiel um den typischen Zechencharakter zu vermeiden. Der Turm mit 43m H\u00f6he, welcher 1923\/24 entstand, z\u00e4hlt zu den fr\u00fchen Exemplaren geschlossener, ummantelter F\u00f6rdert\u00fcrme.<\/p>\n<figure id=\"attachment_456\" aria-describedby=\"caption-attachment-456\" style=\"width: 200px\" class=\"wp-caption alignleft\"><a href=\"http:\/\/www.rainerliebe.de\/wp-content\/uploads\/LP-Shaft4-OB2014-day-4860_0480.jpg\"><img loading=\"lazy\" decoding=\"async\" class=\"size-medium wp-image-456\" src=\"http:\/\/www.rainerliebe.de\/wp-content\/uploads\/LP-Shaft4-OB2014-day-4860_0480-200x300.jpg\" alt=\"Shaft 4 - day\" width=\"200\" height=\"300\" srcset=\"http:\/\/www.rainerliebe.de\/wp-content\/uploads\/LP-Shaft4-OB2014-day-4860_0480-200x300.jpg 200w, http:\/\/www.rainerliebe.de\/wp-content\/uploads\/LP-Shaft4-OB2014-day-4860_0480.jpg 320w\" sizes=\"auto, (max-width: 200px) 100vw, 200px\" \/><\/a><figcaption id=\"caption-attachment-456\" class=\"wp-caption-text\">Shaft 4 &#8211; day<\/figcaption><\/figure>\n<p>&nbsp;<\/p>\n","protected":false},"excerpt":{"rendered":"<p>Der Schacht der Zeche Osterfeld 4 in Oberhausen galt als gelungenes Beispiel um den typischen Zechencharakter zu vermeiden. Der Turm mit 43m H\u00f6he, welcher 1923\/24 entstand, z\u00e4hlt zu den fr\u00fchen Exemplaren geschlossener, ummantelter F\u00f6rdert\u00fcrme. &nbsp;<\/p>\n","protected":false},"author":1,"featured_media":0,"parent":378,"menu_order":4,"comment_status":"closed","ping_status":"closed","template":"onecolumn-page.php","meta":{"footnotes":""},"class_list":["post-453","page","type-page","status-publish","hentry"],"_links":{"self":[{"href":"http:\/\/www.rainerliebe.de\/index.php?rest_route=\/wp\/v2\/pages\/453","targetHints":{"allow":["GET"]}}],"collection":[{"href":"http:\/\/www.rainerliebe.de\/index.php?rest_route=\/wp\/v2\/pages"}],"about":[{"href":"http:\/\/www.rainerliebe.de\/index.php?rest_route=\/wp\/v2\/types\/page"}],"author":[{"embeddable":true,"href":"http:\/\/www.rainerliebe.de\/index.php?rest_route=\/wp\/v2\/users\/1"}],"replies":[{"embeddable":true,"href":"http:\/\/www.rainerliebe.de\/index.php?rest_route=%2Fwp%2Fv2%2Fcomments&post=453"}],"version-history":[{"count":9,"href":"http:\/\/www.rainerliebe.de\/index.php?rest_route=\/wp\/v2\/pages\/453\/revisions"}],"predecessor-version":[{"id":707,"href":"http:\/\/www.rainerliebe.de\/index.php?rest_route=\/wp\/v2\/pages\/453\/revisions\/707"}],"up":[{"embeddable":true,"href":"http:\/\/www.rainerliebe.de\/index.php?rest_route=\/wp\/v2\/pages\/378"}],"wp:attachment":[{"href":"http:\/\/www.rainerliebe.de\/index.php?rest_route=%2Fwp%2Fv2%2Fmedia&parent=453"}],"curies":[{"name":"wp","href":"https:\/\/api.w.org\/{rel}","templated":true}]}}