{"id":447,"date":"2014-08-05T00:00:03","date_gmt":"2014-08-04T22:00:03","guid":{"rendered":"http:\/\/www.rainerliebe.de\/?page_id=447"},"modified":"2014-07-28T00:44:52","modified_gmt":"2014-07-27T22:44:52","slug":"golden-bridge-with-star","status":"publish","type":"page","link":"http:\/\/www.rainerliebe.de\/?page_id=447","title":{"rendered":"Golden bridge with star"},"content":{"rendered":"<p><figure id=\"attachment_530\" aria-describedby=\"caption-attachment-530\" style=\"width: 500px\" class=\"wp-caption alignright\"><a href=\"http:\/\/www.rainerliebe.de\/wp-content\/uploads\/GoldenBridgeWithStar-OB2012_1280.jpg\"><img loading=\"lazy\" decoding=\"async\" src=\"http:\/\/www.rainerliebe.de\/wp-content\/uploads\/GoldenBridgeWithStar-OB2012_1280-1024x682.jpg\" alt=\"Golden brigde with star\" width=\"500\" height=\"333\" class=\"size-large wp-image-530\" srcset=\"http:\/\/www.rainerliebe.de\/wp-content\/uploads\/GoldenBridgeWithStar-OB2012_1280-1024x682.jpg 1024w, http:\/\/www.rainerliebe.de\/wp-content\/uploads\/GoldenBridgeWithStar-OB2012_1280-300x199.jpg 300w, http:\/\/www.rainerliebe.de\/wp-content\/uploads\/GoldenBridgeWithStar-OB2012_1280-700x466.jpg 700w, http:\/\/www.rainerliebe.de\/wp-content\/uploads\/GoldenBridgeWithStar-OB2012_1280.jpg 1280w\" sizes=\"auto, (max-width: 500px) 100vw, 500px\" \/><\/a><figcaption id=\"caption-attachment-530\" class=\"wp-caption-text\">Golden brigde with star<\/figcaption><\/figure><br \/>\nAngrenzend an den Oberhausener Geh\u00f6lzgarten Ripshorst wurde nach Pl\u00e4nen des Architektenb\u00fcros J\u00f6rg Schlaich 1996 ein interessantes Br\u00fcckenbauwerk \u00fcber den Rhein-Herne Kanal errichtet. Nutzbar f\u00fcr Fu\u00dfg\u00e4nger und Radfahrer, die sich das Wege-Netzwerk des Emscher Landschaftsparks erschlie\u00dfen, \u00fcberspannt die Bogenbr\u00fcckenkonstruktion auf einer L\u00e4nge von 130 Metern den Wasserweg.<br \/>\n<figure id=\"attachment_450\" aria-describedby=\"caption-attachment-450\" style=\"width: 300px\" class=\"wp-caption alignleft\"><a href=\"http:\/\/www.rainerliebe.de\/wp-content\/uploads\/GoldenBridgeWithStar-OB2012-Day_0480.jpg\"><img loading=\"lazy\" decoding=\"async\" src=\"http:\/\/www.rainerliebe.de\/wp-content\/uploads\/GoldenBridgeWithStar-OB2012-Day_0480-300x225.jpg\" alt=\"Golden bridge with star - day\" width=\"300\" height=\"225\" class=\"size-medium wp-image-450\" srcset=\"http:\/\/www.rainerliebe.de\/wp-content\/uploads\/GoldenBridgeWithStar-OB2012-Day_0480-300x225.jpg 300w, http:\/\/www.rainerliebe.de\/wp-content\/uploads\/GoldenBridgeWithStar-OB2012-Day_0480.jpg 480w\" sizes=\"auto, (max-width: 300px) 100vw, 300px\" \/><\/a><figcaption id=\"caption-attachment-450\" class=\"wp-caption-text\">Golden bridge with star &#8211; day<\/figcaption><\/figure><\/p>\n","protected":false},"excerpt":{"rendered":"<p>Angrenzend an den Oberhausener Geh\u00f6lzgarten Ripshorst wurde nach Pl\u00e4nen des Architektenb\u00fcros J\u00f6rg Schlaich 1996 ein interessantes Br\u00fcckenbauwerk \u00fcber den Rhein-Herne Kanal errichtet. Nutzbar f\u00fcr Fu\u00dfg\u00e4nger und Radfahrer, die sich das Wege-Netzwerk des Emscher Landschaftsparks erschlie\u00dfen, \u00fcberspannt die Bogenbr\u00fcckenkonstruktion auf einer L\u00e4nge von 130 Metern den Wasserweg.<\/p>\n","protected":false},"author":1,"featured_media":0,"parent":378,"menu_order":3,"comment_status":"closed","ping_status":"closed","template":"onecolumn-page.php","meta":{"footnotes":""},"class_list":["post-447","page","type-page","status-publish","hentry"],"_links":{"self":[{"href":"http:\/\/www.rainerliebe.de\/index.php?rest_route=\/wp\/v2\/pages\/447","targetHints":{"allow":["GET"]}}],"collection":[{"href":"http:\/\/www.rainerliebe.de\/index.php?rest_route=\/wp\/v2\/pages"}],"about":[{"href":"http:\/\/www.rainerliebe.de\/index.php?rest_route=\/wp\/v2\/types\/page"}],"author":[{"embeddable":true,"href":"http:\/\/www.rainerliebe.de\/index.php?rest_route=\/wp\/v2\/users\/1"}],"replies":[{"embeddable":true,"href":"http:\/\/www.rainerliebe.de\/index.php?rest_route=%2Fwp%2Fv2%2Fcomments&post=447"}],"version-history":[{"count":7,"href":"http:\/\/www.rainerliebe.de\/index.php?rest_route=\/wp\/v2\/pages\/447\/revisions"}],"predecessor-version":[{"id":599,"href":"http:\/\/www.rainerliebe.de\/index.php?rest_route=\/wp\/v2\/pages\/447\/revisions\/599"}],"up":[{"embeddable":true,"href":"http:\/\/www.rainerliebe.de\/index.php?rest_route=\/wp\/v2\/pages\/378"}],"wp:attachment":[{"href":"http:\/\/www.rainerliebe.de\/index.php?rest_route=%2Fwp%2Fv2%2Fmedia&parent=447"}],"curies":[{"name":"wp","href":"https:\/\/api.w.org\/{rel}","templated":true}]}}