{"id":414,"date":"2014-08-03T00:36:45","date_gmt":"2014-08-02T22:36:45","guid":{"rendered":"http:\/\/www.rainerliebe.de\/?page_id=414"},"modified":"2014-07-28T00:54:14","modified_gmt":"2014-07-27T22:54:14","slug":"the-ossier","status":"publish","type":"page","link":"http:\/\/www.rainerliebe.de\/?page_id=414","title":{"rendered":"The osier"},"content":{"rendered":"<p><figure id=\"attachment_416\" aria-describedby=\"caption-attachment-416\" style=\"width: 500px\" class=\"wp-caption alignright\"><a href=\"http:\/\/www.rainerliebe.de\/wp-content\/uploads\/TheOsier-OB2012_1280.jpg\"><img loading=\"lazy\" decoding=\"async\" src=\"http:\/\/www.rainerliebe.de\/wp-content\/uploads\/TheOsier-OB2012_1280-1024x682.jpg\" alt=\"The osier\" width=\"500\" height=\"333\" class=\"size-large wp-image-416\" srcset=\"http:\/\/www.rainerliebe.de\/wp-content\/uploads\/TheOsier-OB2012_1280-1024x682.jpg 1024w, http:\/\/www.rainerliebe.de\/wp-content\/uploads\/TheOsier-OB2012_1280-300x199.jpg 300w, http:\/\/www.rainerliebe.de\/wp-content\/uploads\/TheOsier-OB2012_1280-700x466.jpg 700w, http:\/\/www.rainerliebe.de\/wp-content\/uploads\/TheOsier-OB2012_1280.jpg 1280w\" sizes=\"auto, (max-width: 500px) 100vw, 500px\" \/><\/a><figcaption id=\"caption-attachment-416\" class=\"wp-caption-text\">The osier<\/figcaption><\/figure><br \/>\nIm Oberhausener Geh\u00f6lzgarten Ripshorst kann sich der Besucher zu einer Zeitreise in dem Reich der Baumvegetationen begeben. Neben den Urb\u00e4umen &#8211; wie der Mamut &#8211; sind auch Pionierb\u00e4ume wie Weiden zu zu sehen, welche nach der letzten Eiszeit den Flur bewaldeten.<br \/>\n<figure id=\"attachment_417\" aria-describedby=\"caption-attachment-417\" style=\"width: 300px\" class=\"wp-caption alignleft\"><a href=\"http:\/\/www.rainerliebe.de\/wp-content\/uploads\/TheOsier-day-1000760_0480.jpg\"><img loading=\"lazy\" decoding=\"async\" src=\"http:\/\/www.rainerliebe.de\/wp-content\/uploads\/TheOsier-day-1000760_0480-300x225.jpg\" alt=\"The osier - day\" width=\"300\" height=\"225\" class=\"size-medium wp-image-417\" srcset=\"http:\/\/www.rainerliebe.de\/wp-content\/uploads\/TheOsier-day-1000760_0480-300x225.jpg 300w, http:\/\/www.rainerliebe.de\/wp-content\/uploads\/TheOsier-day-1000760_0480.jpg 480w\" sizes=\"auto, (max-width: 300px) 100vw, 300px\" \/><\/a><figcaption id=\"caption-attachment-417\" class=\"wp-caption-text\">The osier &#8211; day<\/figcaption><\/figure><\/p>\n","protected":false},"excerpt":{"rendered":"<p>Im Oberhausener Geh\u00f6lzgarten Ripshorst kann sich der Besucher zu einer Zeitreise in dem Reich der Baumvegetationen begeben. Neben den Urb\u00e4umen &#8211; wie der Mamut &#8211; sind auch Pionierb\u00e4ume wie Weiden zu zu sehen, welche nach der letzten Eiszeit den Flur bewaldeten.<\/p>\n","protected":false},"author":1,"featured_media":0,"parent":378,"menu_order":1,"comment_status":"closed","ping_status":"closed","template":"onecolumn-page.php","meta":{"footnotes":""},"class_list":["post-414","page","type-page","status-publish","hentry"],"_links":{"self":[{"href":"http:\/\/www.rainerliebe.de\/index.php?rest_route=\/wp\/v2\/pages\/414","targetHints":{"allow":["GET"]}}],"collection":[{"href":"http:\/\/www.rainerliebe.de\/index.php?rest_route=\/wp\/v2\/pages"}],"about":[{"href":"http:\/\/www.rainerliebe.de\/index.php?rest_route=\/wp\/v2\/types\/page"}],"author":[{"embeddable":true,"href":"http:\/\/www.rainerliebe.de\/index.php?rest_route=\/wp\/v2\/users\/1"}],"replies":[{"embeddable":true,"href":"http:\/\/www.rainerliebe.de\/index.php?rest_route=%2Fwp%2Fv2%2Fcomments&post=414"}],"version-history":[{"count":17,"href":"http:\/\/www.rainerliebe.de\/index.php?rest_route=\/wp\/v2\/pages\/414\/revisions"}],"predecessor-version":[{"id":604,"href":"http:\/\/www.rainerliebe.de\/index.php?rest_route=\/wp\/v2\/pages\/414\/revisions\/604"}],"up":[{"embeddable":true,"href":"http:\/\/www.rainerliebe.de\/index.php?rest_route=\/wp\/v2\/pages\/378"}],"wp:attachment":[{"href":"http:\/\/www.rainerliebe.de\/index.php?rest_route=%2Fwp%2Fv2%2Fmedia&parent=414"}],"curies":[{"name":"wp","href":"https:\/\/api.w.org\/{rel}","templated":true}]}}