{"id":378,"date":"2014-05-02T07:10:30","date_gmt":"2014-05-02T05:10:30","guid":{"rendered":"http:\/\/www.rainerliebe.de\/?page_id=378"},"modified":"2021-01-25T22:00:28","modified_gmt":"2021-01-25T21:00:28","slug":"momentary-illumination","status":"publish","type":"page","link":"http:\/\/www.rainerliebe.de\/?page_id=378","title":{"rendered":"Momentary Illumination"},"content":{"rendered":"\n<div class=\"wp-block-image\"><figure class=\"alignright\"><a href=\"http:\/\/www.rainerliebe.de\/wp-content\/uploads\/LP-Shaft4-OB2014_1280.jpg\"><img loading=\"lazy\" decoding=\"async\" width=\"199\" height=\"300\" src=\"http:\/\/www.rainerliebe.de\/wp-content\/uploads\/LP-Shaft4-OB2014_1280-199x300.jpg\" alt=\"\" class=\"wp-image-454\" srcset=\"http:\/\/www.rainerliebe.de\/wp-content\/uploads\/LP-Shaft4-OB2014_1280-199x300.jpg 199w, http:\/\/www.rainerliebe.de\/wp-content\/uploads\/LP-Shaft4-OB2014_1280-682x1024.jpg 682w, http:\/\/www.rainerliebe.de\/wp-content\/uploads\/LP-Shaft4-OB2014_1280-466x700.jpg 466w, http:\/\/www.rainerliebe.de\/wp-content\/uploads\/LP-Shaft4-OB2014_1280.jpg 853w\" sizes=\"auto, (max-width: 199px) 100vw, 199px\" \/><\/a><figcaption>Shaft 4<\/figcaption><\/figure><\/div>\n\n\n\n<p>Experimentelle Fotografie ist das Erforschen der fotografischen M\u00f6glichkeiten mit Hilfe von Verschlusszeit, Blende und Licht. Momentary Illumination ist eine Besonderheit der experimentellen Fotografie. Mit Handleuchten werden Objekte in Dunkelheit illuminiert. Fotografische Elemente wie Lightpainting oder Mehrfachbelichtungen verleihen den Bildern oft eine zus\u00e4tzliche Nuance.<\/p>\n\n\n\n<p>Momentary Illumination habe ich f\u00fcr mich durch folgende Merkmale definiert:<\/p>\n\n\n\n<ul class=\"wp-block-list\"><li>Die Kamera steht an einer festen Position.<\/li><li>Die Fotos entstehen in Dunkelheit oder bei D\u00e4mmerung.<\/li><li>Es wird mit einer langen Belichtungszeit gearbeitet.<\/li><li>Die Objekte werden durch eine Handleuchte oft farbig angestrahlt. Oft wird die Beleuchtungsquelle dabei w\u00e4hrend der Belichtung bewegt.<\/li><li>Oft werden per Mehrfachbelichtung einzelne, beleuchtete Elemente zu einem Gesamtbild zusammengef\u00fcgt.<\/li><\/ul>\n\n\n\n<p>Moderne leistungsstarke Lichtquellen und die digitale Bildaufbereitung erm\u00f6glichen Fotos in einer neuen Qualit\u00e4t.<br>Die ungew\u00f6hnlichen, farbigen Beleuchtungen, lange Belichtungszeiten und Mehrfachbelichtungen pr\u00e4gen den Charakter dieser einzigartigen Fotos. Die Bilder entstanden an realen Orten, welche durch die farbigen Beleuchtungen in einem neuen Gewand erscheinen, manchmal mystisch, manchmal majest\u00e4tisch oder einfach tr\u00e4umerisch.<\/p>\n\n\n<hr \/>\n<h2 style=\"text-align: center;\">2012<\/h2>\n<p style=\"text-align: center;\">Meine erste Ausstellung im Rahmen eines Seminars von Roland Wiese und Ralf Hallay.<\/p>\n<p>\u00a0<\/p>\n<p><figure class=\"embed-gphotos  wp-caption\"><a href=\"https:\/\/photos.google.com\/share\/AF1QipOpSuACvgcAmDQpKmubBFu3gbjKeEaSUcQMFt41OToeDuBi9QNJOW4Kywx3LfKDLg?key=c3RTLVBPdkV5Y3Ntb0VOeHBsTTJoWFd4S283ZUhB\" target=\"_blank\"><img loading=\"lazy\" decoding=\"async\"    src=\"https:\/\/lh3.googleusercontent.com\/v2cEIRQo7kzL3saTLSRWbTvV2YbU6O_LSmFKh3DpKjjXuxX4Xx-bPIXagZugtyJ-5TRECw3RAZ2-9c3CHHKmue0bRNvfTGlnOLcZ25y_XEj4qJhZUM45FTBwyo82mcV6UG1-TT2s6D4=w900-h1000\" width=\"900\" height=\"600\"   ><\/a><figcaption class=\"wp-caption-text\"><a href=\"https:\/\/photos.google.com\/share\/AF1QipOpSuACvgcAmDQpKmubBFu3gbjKeEaSUcQMFt41OToeDuBi9QNJOW4Kywx3LfKDLg?key=c3RTLVBPdkV5Y3Ntb0VOeHBsTTJoWFd4S283ZUhB\" target=\"_blank\">4 new photos by Rainer Liebe \/ Google Photos<\/a><\/figcaption><\/figure><\/p>\n<hr \/>\n<h2 style=\"text-align: center;\">2014<\/h2>\n<p style=\"text-align: center;\">Meine Bilder der ersten gr\u00f6\u00dferen Ausstellung, welche 2014 Zusammen mit Ralf Hallay entstanden ist:<\/p>\n<p><a href=\"http:\/\/www.rainerliebe.de\/?page_id=1247\"><img loading=\"lazy\" decoding=\"async\" class=\"wp-image-513 size-large aligncenter\" src=\"http:\/\/www.rainerliebe.de\/wp-content\/uploads\/HighEnergyPath-OB2011_1280-1024x682.jpg\" alt=\"\" width=\"900\" height=\"599\" srcset=\"http:\/\/www.rainerliebe.de\/wp-content\/uploads\/HighEnergyPath-OB2011_1280-1024x682.jpg 1024w, http:\/\/www.rainerliebe.de\/wp-content\/uploads\/HighEnergyPath-OB2011_1280-300x199.jpg 300w, http:\/\/www.rainerliebe.de\/wp-content\/uploads\/HighEnergyPath-OB2011_1280-700x466.jpg 700w, http:\/\/www.rainerliebe.de\/wp-content\/uploads\/HighEnergyPath-OB2011_1280.jpg 1280w\" sizes=\"auto, (max-width: 900px) 100vw, 900px\" \/>MO.mentary Illumination Oberhausen 2014<\/a><\/p>\n\n\n<hr class=\"wp-block-separator is-style-wide\"\/>\n\n\n\n<h2 class=\"has-text-align-center wp-block-heading\">2019<\/h2>\n\n\n\n<p>Zusammen mit Herbert Geisler und Wolfgang Vo\u00dfkamp ist uns die Ausstellung Illuminiertes Duisburg gegl\u00fcckt in der wir Fotos ein halbes Jahr ausgestellt haben:<\/p>\n\n\n\n<figure class=\"wp-block-image size-large\"><a href=\"http:\/\/www.rainerliebe.de\/?page_id=982\"><img loading=\"lazy\" decoding=\"async\" width=\"1024\" height=\"768\" src=\"http:\/\/www.rainerliebe.de\/wp-content\/uploads\/LP-BotGarden-DU2018_1280-1024x768.jpg\" alt=\"\" class=\"wp-image-1284\" srcset=\"http:\/\/www.rainerliebe.de\/wp-content\/uploads\/LP-BotGarden-DU2018_1280-1024x768.jpg 1024w, http:\/\/www.rainerliebe.de\/wp-content\/uploads\/LP-BotGarden-DU2018_1280-300x225.jpg 300w, http:\/\/www.rainerliebe.de\/wp-content\/uploads\/LP-BotGarden-DU2018_1280-768x576.jpg 768w, http:\/\/www.rainerliebe.de\/wp-content\/uploads\/LP-BotGarden-DU2018_1280-1125x844.jpg 1125w, http:\/\/www.rainerliebe.de\/wp-content\/uploads\/LP-BotGarden-DU2018_1280-360x270.jpg 360w, http:\/\/www.rainerliebe.de\/wp-content\/uploads\/LP-BotGarden-DU2018_1280.jpg 1280w\" sizes=\"auto, (max-width: 1024px) 100vw, 1024px\" \/><\/a><figcaption><a href=\"http:\/\/www.rainerliebe.de\/?page_id=982\" data-type=\"page\" data-id=\"982\">Illuminiertes Duisburg<\/a> 2019<\/figcaption><\/figure>\n\n\n\n<p><\/p>\n","protected":false},"excerpt":{"rendered":"<p>Experimentelle Fotografie ist das Erforschen der fotografischen M\u00f6glichkeiten mit Hilfe von Verschlusszeit, Blende und Licht. Momentary Illumination ist eine Besonderheit der experimentellen Fotografie. Mit Handleuchten werden Objekte in Dunkelheit illuminiert. Fotografische Elemente wie Lightpainting oder Mehrfachbelichtungen verleihen den Bildern oft eine zus\u00e4tzliche Nuance. Momentary Illumination habe ich f\u00fcr mich durch folgende Merkmale definiert: Die Kamera &hellip; <span class=\"read-more\"><a href=\"http:\/\/www.rainerliebe.de\/?page_id=378\" class=\"more-link\">Read More<\/a><\/span><\/p>\n","protected":false},"author":1,"featured_media":0,"parent":0,"menu_order":1,"comment_status":"closed","ping_status":"closed","template":"","meta":{"footnotes":""},"class_list":["post-378","page","type-page","status-publish","hentry"],"_links":{"self":[{"href":"http:\/\/www.rainerliebe.de\/index.php?rest_route=\/wp\/v2\/pages\/378","targetHints":{"allow":["GET"]}}],"collection":[{"href":"http:\/\/www.rainerliebe.de\/index.php?rest_route=\/wp\/v2\/pages"}],"about":[{"href":"http:\/\/www.rainerliebe.de\/index.php?rest_route=\/wp\/v2\/types\/page"}],"author":[{"embeddable":true,"href":"http:\/\/www.rainerliebe.de\/index.php?rest_route=\/wp\/v2\/users\/1"}],"replies":[{"embeddable":true,"href":"http:\/\/www.rainerliebe.de\/index.php?rest_route=%2Fwp%2Fv2%2Fcomments&post=378"}],"version-history":[{"count":24,"href":"http:\/\/www.rainerliebe.de\/index.php?rest_route=\/wp\/v2\/pages\/378\/revisions"}],"predecessor-version":[{"id":1287,"href":"http:\/\/www.rainerliebe.de\/index.php?rest_route=\/wp\/v2\/pages\/378\/revisions\/1287"}],"wp:attachment":[{"href":"http:\/\/www.rainerliebe.de\/index.php?rest_route=%2Fwp%2Fv2%2Fmedia&parent=378"}],"curies":[{"name":"wp","href":"https:\/\/api.w.org\/{rel}","templated":true}]}}