{"id":1247,"date":"2021-01-24T22:16:07","date_gmt":"2021-01-24T21:16:07","guid":{"rendered":"http:\/\/www.rainerliebe.de\/?page_id=1247"},"modified":"2021-01-25T22:11:57","modified_gmt":"2021-01-25T21:11:57","slug":"mo-mentary-illunimation-2014","status":"publish","type":"page","link":"http:\/\/www.rainerliebe.de\/?page_id=1247","title":{"rendered":"MO.mentary Illumination 2014"},"content":{"rendered":"\n<p>Es war meine erste gro\u00dfe Ausstellung. Zusammen mit dem Fotografen und Dozenten Ralf Hallay haben wir 2014 nach 2 Jahren Vorbereitungszeit im technischen Rathaus in Oberhausen Sterkrade die Ausstellung durchgef\u00fchrt. Vielen Dank an Ralf (<a href=\"https:\/\/ralfhallay.de\" target=\"_blank\" rel=\"noreferrer noopener\">https:\/\/ralfhallay.de<\/a>) f\u00fcr die Zusammenarbeit und Erfahrung zur Durchf\u00fchrung.<br>Die Bilder k\u00f6nnen auch k\u00e4uflich erworben werden.<\/p>\n\n\n\n<div class=\"wp-block-image\"><figure class=\"aligncenter\"><a href=\"http:\/\/www.rainerliebe.de\/?page_id=559\"><img loading=\"lazy\" decoding=\"async\" width=\"1024\" height=\"682\" src=\"http:\/\/www.rainerliebe.de\/wp-content\/uploads\/ArenaOfGoodHope-OB2013_1280-1024x682.jpg\" alt=\"Arena of good hope\" class=\"wp-image-507\" srcset=\"http:\/\/www.rainerliebe.de\/wp-content\/uploads\/ArenaOfGoodHope-OB2013_1280-1024x682.jpg 1024w, http:\/\/www.rainerliebe.de\/wp-content\/uploads\/ArenaOfGoodHope-OB2013_1280-300x199.jpg 300w, http:\/\/www.rainerliebe.de\/wp-content\/uploads\/ArenaOfGoodHope-OB2013_1280-700x466.jpg 700w, http:\/\/www.rainerliebe.de\/wp-content\/uploads\/ArenaOfGoodHope-OB2013_1280.jpg 1280w\" sizes=\"auto, (max-width: 1024px) 100vw, 1024px\" \/><\/a><figcaption>Arena of good hope<\/figcaption><\/figure><\/div>\n\n\n\n<div class=\"wp-block-image\"><figure class=\"aligncenter\"><a href=\"http:\/\/www.rainerliebe.de\/?page_id=564\"><img loading=\"lazy\" decoding=\"async\" width=\"1024\" height=\"682\" src=\"http:\/\/www.rainerliebe.de\/wp-content\/uploads\/LP-Asparagus-OB2014_1280-1024x682.jpg\" alt=\"Asparagos\" class=\"wp-image-517\" srcset=\"http:\/\/www.rainerliebe.de\/wp-content\/uploads\/LP-Asparagus-OB2014_1280-1024x682.jpg 1024w, http:\/\/www.rainerliebe.de\/wp-content\/uploads\/LP-Asparagus-OB2014_1280-300x199.jpg 300w, http:\/\/www.rainerliebe.de\/wp-content\/uploads\/LP-Asparagus-OB2014_1280-700x466.jpg 700w, http:\/\/www.rainerliebe.de\/wp-content\/uploads\/LP-Asparagus-OB2014_1280.jpg 1280w\" sizes=\"auto, (max-width: 1024px) 100vw, 1024px\" \/><\/a><figcaption>Asparagos<\/figcaption><\/figure><\/div>\n\n\n\n<div class=\"wp-block-image\"><figure class=\"aligncenter\"><a href=\"http:\/\/www.rainerliebe.de\/?page_id=472\"><img loading=\"lazy\" decoding=\"async\" width=\"1024\" height=\"682\" src=\"http:\/\/www.rainerliebe.de\/wp-content\/uploads\/LP-BallsInWashhouse-OB2014_1280-1024x682.jpg\" alt=\"Balls in washhouse\" class=\"wp-image-470\" srcset=\"http:\/\/www.rainerliebe.de\/wp-content\/uploads\/LP-BallsInWashhouse-OB2014_1280-1024x682.jpg 1024w, http:\/\/www.rainerliebe.de\/wp-content\/uploads\/LP-BallsInWashhouse-OB2014_1280-300x199.jpg 300w, http:\/\/www.rainerliebe.de\/wp-content\/uploads\/LP-BallsInWashhouse-OB2014_1280-700x466.jpg 700w, http:\/\/www.rainerliebe.de\/wp-content\/uploads\/LP-BallsInWashhouse-OB2014_1280.jpg 1280w\" sizes=\"auto, (max-width: 1024px) 100vw, 1024px\" \/><\/a><figcaption>Balls in washhouse<\/figcaption><\/figure><\/div>\n\n\n\n<div class=\"wp-block-image\"><figure class=\"aligncenter\"><a href=\"http:\/\/www.rainerliebe.de\/?page_id=566\"><img loading=\"lazy\" decoding=\"async\" width=\"1024\" height=\"682\" src=\"http:\/\/www.rainerliebe.de\/wp-content\/uploads\/BlackGate-OB2014_1280-1024x682.jpg\" alt=\"Black gate\" class=\"wp-image-510\" srcset=\"http:\/\/www.rainerliebe.de\/wp-content\/uploads\/BlackGate-OB2014_1280-1024x682.jpg 1024w, http:\/\/www.rainerliebe.de\/wp-content\/uploads\/BlackGate-OB2014_1280-300x199.jpg 300w, http:\/\/www.rainerliebe.de\/wp-content\/uploads\/BlackGate-OB2014_1280-700x466.jpg 700w, http:\/\/www.rainerliebe.de\/wp-content\/uploads\/BlackGate-OB2014_1280.jpg 1280w\" sizes=\"auto, (max-width: 1024px) 100vw, 1024px\" \/><\/a><figcaption>Black gate<\/figcaption><\/figure><\/div>\n\n\n\n<div class=\"wp-block-image\"><figure class=\"aligncenter\"><a href=\"http:\/\/www.rainerliebe.de\/?page_id=568\"><img loading=\"lazy\" decoding=\"async\" width=\"1024\" height=\"682\" src=\"http:\/\/www.rainerliebe.de\/wp-content\/uploads\/EntreeOfTheEmperorsGarden-OB2013_1280-1024x682.jpg\" alt=\"Entree of the emperors garden\" class=\"wp-image-511\" srcset=\"http:\/\/www.rainerliebe.de\/wp-content\/uploads\/EntreeOfTheEmperorsGarden-OB2013_1280-1024x682.jpg 1024w, http:\/\/www.rainerliebe.de\/wp-content\/uploads\/EntreeOfTheEmperorsGarden-OB2013_1280-300x199.jpg 300w, http:\/\/www.rainerliebe.de\/wp-content\/uploads\/EntreeOfTheEmperorsGarden-OB2013_1280-700x466.jpg 700w, http:\/\/www.rainerliebe.de\/wp-content\/uploads\/EntreeOfTheEmperorsGarden-OB2013_1280.jpg 1280w\" sizes=\"auto, (max-width: 1024px) 100vw, 1024px\" \/><\/a><figcaption>Entree of the emperors garden<\/figcaption><\/figure><\/div>\n\n\n\n<div class=\"wp-block-image\"><figure class=\"aligncenter\"><a href=\"http:\/\/www.rainerliebe.de\/?page_id=570\"><img loading=\"lazy\" decoding=\"async\" width=\"1024\" height=\"682\" src=\"http:\/\/www.rainerliebe.de\/wp-content\/uploads\/HighEnergyPath-OB2011_1280-1024x682.jpg\" alt=\"High energy path\" class=\"wp-image-513\" srcset=\"http:\/\/www.rainerliebe.de\/wp-content\/uploads\/HighEnergyPath-OB2011_1280-1024x682.jpg 1024w, http:\/\/www.rainerliebe.de\/wp-content\/uploads\/HighEnergyPath-OB2011_1280-300x199.jpg 300w, http:\/\/www.rainerliebe.de\/wp-content\/uploads\/HighEnergyPath-OB2011_1280-700x466.jpg 700w, http:\/\/www.rainerliebe.de\/wp-content\/uploads\/HighEnergyPath-OB2011_1280.jpg 1280w\" sizes=\"auto, (max-width: 1024px) 100vw, 1024px\" \/><\/a><figcaption>High energy path<\/figcaption><\/figure><\/div>\n\n\n\n<div class=\"wp-block-image\"><figure class=\"aligncenter\"><a href=\"http:\/\/www.rainerliebe.de\/?page_id=573\"><img loading=\"lazy\" decoding=\"async\" width=\"1024\" height=\"682\" src=\"http:\/\/www.rainerliebe.de\/wp-content\/uploads\/LP-HoleEleven-OB2013_1280-1024x682.jpg\" alt=\"Hole two of eleven\" class=\"wp-image-519\" srcset=\"http:\/\/www.rainerliebe.de\/wp-content\/uploads\/LP-HoleEleven-OB2013_1280-1024x682.jpg 1024w, http:\/\/www.rainerliebe.de\/wp-content\/uploads\/LP-HoleEleven-OB2013_1280-300x199.jpg 300w, http:\/\/www.rainerliebe.de\/wp-content\/uploads\/LP-HoleEleven-OB2013_1280-700x466.jpg 700w, http:\/\/www.rainerliebe.de\/wp-content\/uploads\/LP-HoleEleven-OB2013_1280.jpg 1280w\" sizes=\"auto, (max-width: 1024px) 100vw, 1024px\" \/><\/a><figcaption>Hole two of eleven<\/figcaption><\/figure><\/div>\n\n\n\n<div class=\"wp-block-image\"><figure class=\"aligncenter\"><a href=\"http:\/\/www.rainerliebe.de\/?page_id=575\"><img loading=\"lazy\" decoding=\"async\" width=\"682\" height=\"1024\" src=\"http:\/\/www.rainerliebe.de\/wp-content\/uploads\/LampionsAtWaterTower-OB2013a_1280-682x1024.jpg\" alt=\"Lampions at water tower\" class=\"wp-image-515\" srcset=\"http:\/\/www.rainerliebe.de\/wp-content\/uploads\/LampionsAtWaterTower-OB2013a_1280-682x1024.jpg 682w, http:\/\/www.rainerliebe.de\/wp-content\/uploads\/LampionsAtWaterTower-OB2013a_1280-199x300.jpg 199w, http:\/\/www.rainerliebe.de\/wp-content\/uploads\/LampionsAtWaterTower-OB2013a_1280-466x700.jpg 466w, http:\/\/www.rainerliebe.de\/wp-content\/uploads\/LampionsAtWaterTower-OB2013a_1280.jpg 853w\" sizes=\"auto, (max-width: 682px) 100vw, 682px\" \/><\/a><figcaption>Lampions at water tower<\/figcaption><\/figure><\/div>\n\n\n\n<div class=\"wp-block-image\"><figure class=\"aligncenter\"><a href=\"http:\/\/www.rainerliebe.de\/?page_id=578\"><img loading=\"lazy\" decoding=\"async\" width=\"682\" height=\"1024\" src=\"http:\/\/www.rainerliebe.de\/wp-content\/uploads\/LunchBoxBridge-OB2013_1280-682x1024.jpg\" alt=\"Lunch box bridge\" class=\"wp-image-524\" srcset=\"http:\/\/www.rainerliebe.de\/wp-content\/uploads\/LunchBoxBridge-OB2013_1280-682x1024.jpg 682w, http:\/\/www.rainerliebe.de\/wp-content\/uploads\/LunchBoxBridge-OB2013_1280-199x300.jpg 199w, http:\/\/www.rainerliebe.de\/wp-content\/uploads\/LunchBoxBridge-OB2013_1280-466x700.jpg 466w, http:\/\/www.rainerliebe.de\/wp-content\/uploads\/LunchBoxBridge-OB2013_1280.jpg 853w\" sizes=\"auto, (max-width: 682px) 100vw, 682px\" \/><\/a><figcaption>Lunch box bridge<\/figcaption><\/figure><\/div>\n\n\n\n<div class=\"wp-block-image\"><figure class=\"aligncenter\"><a href=\"http:\/\/www.rainerliebe.de\/?page_id=582\"><img loading=\"lazy\" decoding=\"async\" width=\"1024\" height=\"682\" src=\"http:\/\/www.rainerliebe.de\/wp-content\/uploads\/SlinkySpringsToFame-OB2012_1280-1024x682.jpg\" alt=\"Slinky springs to fame\" class=\"wp-image-526\" srcset=\"http:\/\/www.rainerliebe.de\/wp-content\/uploads\/SlinkySpringsToFame-OB2012_1280-1024x682.jpg 1024w, http:\/\/www.rainerliebe.de\/wp-content\/uploads\/SlinkySpringsToFame-OB2012_1280-300x199.jpg 300w, http:\/\/www.rainerliebe.de\/wp-content\/uploads\/SlinkySpringsToFame-OB2012_1280-700x466.jpg 700w, http:\/\/www.rainerliebe.de\/wp-content\/uploads\/SlinkySpringsToFame-OB2012_1280.jpg 1280w\" sizes=\"auto, (max-width: 1024px) 100vw, 1024px\" \/><\/a><figcaption>Slinky springs to fame<\/figcaption><\/figure><\/div>\n\n\n\n<div class=\"wp-block-image\"><figure class=\"aligncenter\"><a href=\"http:\/\/www.rainerliebe.de\/?page_id=584\"><img loading=\"lazy\" decoding=\"async\" width=\"1024\" height=\"682\" src=\"http:\/\/www.rainerliebe.de\/wp-content\/uploads\/LP-StoreOfEducation-OB2014_1280-1024x682.jpg\" alt=\"Store of education\" class=\"wp-image-521\" srcset=\"http:\/\/www.rainerliebe.de\/wp-content\/uploads\/LP-StoreOfEducation-OB2014_1280-1024x682.jpg 1024w, http:\/\/www.rainerliebe.de\/wp-content\/uploads\/LP-StoreOfEducation-OB2014_1280-300x199.jpg 300w, http:\/\/www.rainerliebe.de\/wp-content\/uploads\/LP-StoreOfEducation-OB2014_1280-700x466.jpg 700w, http:\/\/www.rainerliebe.de\/wp-content\/uploads\/LP-StoreOfEducation-OB2014_1280.jpg 1280w\" sizes=\"auto, (max-width: 1024px) 100vw, 1024px\" \/><\/a><figcaption>Store of education<\/figcaption><\/figure><\/div>\n\n\n\n<div class=\"wp-block-image\"><figure class=\"aligncenter\"><a href=\"http:\/\/www.rainerliebe.de\/?page_id=402\"><img loading=\"lazy\" decoding=\"async\" width=\"1024\" height=\"682\" src=\"http:\/\/www.rainerliebe.de\/wp-content\/uploads\/CherryBlossomTree-OB2012_1280-1024x682.jpg\" alt=\"Cherry blossom tree\" class=\"wp-image-403\" srcset=\"http:\/\/www.rainerliebe.de\/wp-content\/uploads\/CherryBlossomTree-OB2012_1280-1024x682.jpg 1024w, http:\/\/www.rainerliebe.de\/wp-content\/uploads\/CherryBlossomTree-OB2012_1280-300x199.jpg 300w, http:\/\/www.rainerliebe.de\/wp-content\/uploads\/CherryBlossomTree-OB2012_1280-700x466.jpg 700w, http:\/\/www.rainerliebe.de\/wp-content\/uploads\/CherryBlossomTree-OB2012_1280.jpg 1280w\" sizes=\"auto, (max-width: 1024px) 100vw, 1024px\" \/><\/a><figcaption>Cherry blossom tree<\/figcaption><\/figure><\/div>\n\n\n\n<div class=\"wp-block-image\"><figure class=\"aligncenter\"><a href=\"http:\/\/www.rainerliebe.de\/?page_id=586\"><img loading=\"lazy\" decoding=\"async\" width=\"682\" height=\"1024\" src=\"http:\/\/www.rainerliebe.de\/wp-content\/uploads\/LP-TheSorcerersApprentice-OB2013_1280-682x1024.jpg\" alt=\"The sorcerers apprentice\" class=\"wp-image-522\" srcset=\"http:\/\/www.rainerliebe.de\/wp-content\/uploads\/LP-TheSorcerersApprentice-OB2013_1280-682x1024.jpg 682w, http:\/\/www.rainerliebe.de\/wp-content\/uploads\/LP-TheSorcerersApprentice-OB2013_1280-199x300.jpg 199w, http:\/\/www.rainerliebe.de\/wp-content\/uploads\/LP-TheSorcerersApprentice-OB2013_1280-466x700.jpg 466w, http:\/\/www.rainerliebe.de\/wp-content\/uploads\/LP-TheSorcerersApprentice-OB2013_1280.jpg 853w\" sizes=\"auto, (max-width: 682px) 100vw, 682px\" \/><\/a><figcaption>The sorcerers apprentice<\/figcaption><\/figure><\/div>\n\n\n\n<div class=\"wp-block-image\"><figure class=\"aligncenter\"><a href=\"http:\/\/www.rainerliebe.de\/?page_id=590\"><img loading=\"lazy\" decoding=\"async\" width=\"1024\" height=\"682\" src=\"http:\/\/www.rainerliebe.de\/wp-content\/uploads\/UmbrellasAtVolkspark-OB2012_1280-1024x682.jpg\" alt=\"Umbrellas at Volkspark\" class=\"wp-image-528\" srcset=\"http:\/\/www.rainerliebe.de\/wp-content\/uploads\/UmbrellasAtVolkspark-OB2012_1280-1024x682.jpg 1024w, http:\/\/www.rainerliebe.de\/wp-content\/uploads\/UmbrellasAtVolkspark-OB2012_1280-300x199.jpg 300w, http:\/\/www.rainerliebe.de\/wp-content\/uploads\/UmbrellasAtVolkspark-OB2012_1280-700x466.jpg 700w, http:\/\/www.rainerliebe.de\/wp-content\/uploads\/UmbrellasAtVolkspark-OB2012_1280.jpg 1280w\" sizes=\"auto, (max-width: 1024px) 100vw, 1024px\" \/><\/a><figcaption>Umbrellas at Volkspark<\/figcaption><\/figure><\/div>\n\n\n\n<div class=\"wp-block-image\"><figure class=\"aligncenter\"><a href=\"http:\/\/www.rainerliebe.de\/?page_id=414\"><img loading=\"lazy\" decoding=\"async\" width=\"1024\" height=\"682\" src=\"http:\/\/www.rainerliebe.de\/wp-content\/uploads\/TheOsier-OB2012_1280-1024x682.jpg\" alt=\"The osier\" class=\"wp-image-416\" srcset=\"http:\/\/www.rainerliebe.de\/wp-content\/uploads\/TheOsier-OB2012_1280-1024x682.jpg 1024w, http:\/\/www.rainerliebe.de\/wp-content\/uploads\/TheOsier-OB2012_1280-300x199.jpg 300w, http:\/\/www.rainerliebe.de\/wp-content\/uploads\/TheOsier-OB2012_1280-700x466.jpg 700w, http:\/\/www.rainerliebe.de\/wp-content\/uploads\/TheOsier-OB2012_1280.jpg 1280w\" sizes=\"auto, (max-width: 1024px) 100vw, 1024px\" \/><\/a><figcaption>The osier<\/figcaption><\/figure><\/div>\n\n\n\n<div class=\"wp-block-image\"><figure class=\"aligncenter\"><a href=\"http:\/\/www.rainerliebe.de\/?page_id=485\"><img loading=\"lazy\" decoding=\"async\" width=\"1024\" height=\"682\" src=\"http:\/\/www.rainerliebe.de\/wp-content\/uploads\/LP-Firewall-OB2014_1280-1024x682.jpg\" alt=\"Firewall\" class=\"wp-image-487\" srcset=\"http:\/\/www.rainerliebe.de\/wp-content\/uploads\/LP-Firewall-OB2014_1280-1024x682.jpg 1024w, http:\/\/www.rainerliebe.de\/wp-content\/uploads\/LP-Firewall-OB2014_1280-300x199.jpg 300w, http:\/\/www.rainerliebe.de\/wp-content\/uploads\/LP-Firewall-OB2014_1280-700x466.jpg 700w, http:\/\/www.rainerliebe.de\/wp-content\/uploads\/LP-Firewall-OB2014_1280.jpg 1280w\" sizes=\"auto, (max-width: 1024px) 100vw, 1024px\" \/><\/a><figcaption>Firewall<\/figcaption><\/figure><\/div>\n\n\n\n<div class=\"wp-block-image\"><figure class=\"aligncenter\"><a href=\"http:\/\/www.rainerliebe.de\/?page_id=432\"><img loading=\"lazy\" decoding=\"async\" width=\"1024\" height=\"682\" src=\"http:\/\/www.rainerliebe.de\/wp-content\/uploads\/LP-IronTalking-OB2012_1280-1024x682.jpg\" alt=\"Iron talking\" class=\"wp-image-430\" srcset=\"http:\/\/www.rainerliebe.de\/wp-content\/uploads\/LP-IronTalking-OB2012_1280-1024x682.jpg 1024w, http:\/\/www.rainerliebe.de\/wp-content\/uploads\/LP-IronTalking-OB2012_1280-300x199.jpg 300w, http:\/\/www.rainerliebe.de\/wp-content\/uploads\/LP-IronTalking-OB2012_1280-700x466.jpg 700w, http:\/\/www.rainerliebe.de\/wp-content\/uploads\/LP-IronTalking-OB2012_1280.jpg 1280w\" sizes=\"auto, (max-width: 1024px) 100vw, 1024px\" \/><\/a><figcaption>Iron talking<\/figcaption><\/figure><\/div>\n\n\n\n<div class=\"wp-block-image\"><figure class=\"aligncenter\"><a href=\"http:\/\/www.rainerliebe.de\/?page_id=490\"><img loading=\"lazy\" decoding=\"async\" width=\"1024\" height=\"682\" src=\"http:\/\/www.rainerliebe.de\/wp-content\/uploads\/FinalWhistle-OB2014_1280-1024x682.jpg\" alt=\"Final whistle\" class=\"wp-image-491\" srcset=\"http:\/\/www.rainerliebe.de\/wp-content\/uploads\/FinalWhistle-OB2014_1280-1024x682.jpg 1024w, http:\/\/www.rainerliebe.de\/wp-content\/uploads\/FinalWhistle-OB2014_1280-300x199.jpg 300w, http:\/\/www.rainerliebe.de\/wp-content\/uploads\/FinalWhistle-OB2014_1280-700x466.jpg 700w, http:\/\/www.rainerliebe.de\/wp-content\/uploads\/FinalWhistle-OB2014_1280.jpg 1280w\" sizes=\"auto, (max-width: 1024px) 100vw, 1024px\" \/><\/a><figcaption>Final whistle<\/figcaption><\/figure><\/div>\n\n\n\n<div class=\"wp-block-image\"><figure class=\"aligncenter\"><a href=\"http:\/\/www.rainerliebe.de\/?page_id=447\"><img loading=\"lazy\" decoding=\"async\" width=\"1024\" height=\"682\" src=\"http:\/\/www.rainerliebe.de\/wp-content\/uploads\/GoldenBridgeWithStar-OB2012_1280-1024x682.jpg\" alt=\"Golden brigde with star\" class=\"wp-image-530\" srcset=\"http:\/\/www.rainerliebe.de\/wp-content\/uploads\/GoldenBridgeWithStar-OB2012_1280-1024x682.jpg 1024w, http:\/\/www.rainerliebe.de\/wp-content\/uploads\/GoldenBridgeWithStar-OB2012_1280-300x199.jpg 300w, http:\/\/www.rainerliebe.de\/wp-content\/uploads\/GoldenBridgeWithStar-OB2012_1280-700x466.jpg 700w, http:\/\/www.rainerliebe.de\/wp-content\/uploads\/GoldenBridgeWithStar-OB2012_1280.jpg 1280w\" sizes=\"auto, (max-width: 1024px) 100vw, 1024px\" \/><\/a><figcaption>Golden brigde with star<\/figcaption><\/figure><\/div>\n\n\n\n<div class=\"wp-block-image\"><figure class=\"aligncenter\"><a href=\"http:\/\/www.rainerliebe.de\/?page_id=453\"><img loading=\"lazy\" decoding=\"async\" width=\"682\" height=\"1024\" src=\"http:\/\/www.rainerliebe.de\/wp-content\/uploads\/LP-Shaft4-OB2014_1280-682x1024.jpg\" alt=\"Shaft 4\" class=\"wp-image-454\" srcset=\"http:\/\/www.rainerliebe.de\/wp-content\/uploads\/LP-Shaft4-OB2014_1280-682x1024.jpg 682w, http:\/\/www.rainerliebe.de\/wp-content\/uploads\/LP-Shaft4-OB2014_1280-199x300.jpg 199w, http:\/\/www.rainerliebe.de\/wp-content\/uploads\/LP-Shaft4-OB2014_1280-466x700.jpg 466w, http:\/\/www.rainerliebe.de\/wp-content\/uploads\/LP-Shaft4-OB2014_1280.jpg 853w\" sizes=\"auto, (max-width: 682px) 100vw, 682px\" \/><\/a><figcaption>Shaft 4<\/figcaption><\/figure><\/div>\n","protected":false},"excerpt":{"rendered":"<p>Es war meine erste gro\u00dfe Ausstellung. Zusammen mit dem Fotografen und Dozenten Ralf Hallay haben wir 2014 nach 2 Jahren Vorbereitungszeit im technischen Rathaus in Oberhausen Sterkrade die Ausstellung durchgef\u00fchrt. Vielen Dank an Ralf (https:\/\/ralfhallay.de) f\u00fcr die Zusammenarbeit und Erfahrung zur Durchf\u00fchrung.Die Bilder k\u00f6nnen auch k\u00e4uflich erworben werden.<\/p>\n","protected":false},"author":1,"featured_media":0,"parent":378,"menu_order":0,"comment_status":"closed","ping_status":"closed","template":"","meta":{"footnotes":""},"class_list":["post-1247","page","type-page","status-publish","hentry"],"_links":{"self":[{"href":"http:\/\/www.rainerliebe.de\/index.php?rest_route=\/wp\/v2\/pages\/1247","targetHints":{"allow":["GET"]}}],"collection":[{"href":"http:\/\/www.rainerliebe.de\/index.php?rest_route=\/wp\/v2\/pages"}],"about":[{"href":"http:\/\/www.rainerliebe.de\/index.php?rest_route=\/wp\/v2\/types\/page"}],"author":[{"embeddable":true,"href":"http:\/\/www.rainerliebe.de\/index.php?rest_route=\/wp\/v2\/users\/1"}],"replies":[{"embeddable":true,"href":"http:\/\/www.rainerliebe.de\/index.php?rest_route=%2Fwp%2Fv2%2Fcomments&post=1247"}],"version-history":[{"count":12,"href":"http:\/\/www.rainerliebe.de\/index.php?rest_route=\/wp\/v2\/pages\/1247\/revisions"}],"predecessor-version":[{"id":1293,"href":"http:\/\/www.rainerliebe.de\/index.php?rest_route=\/wp\/v2\/pages\/1247\/revisions\/1293"}],"up":[{"embeddable":true,"href":"http:\/\/www.rainerliebe.de\/index.php?rest_route=\/wp\/v2\/pages\/378"}],"wp:attachment":[{"href":"http:\/\/www.rainerliebe.de\/index.php?rest_route=%2Fwp%2Fv2%2Fmedia&parent=1247"}],"curies":[{"name":"wp","href":"https:\/\/api.w.org\/{rel}","templated":true}]}}