{"id":1127,"date":"2019-04-22T12:30:13","date_gmt":"2019-04-22T10:30:13","guid":{"rendered":"http:\/\/www.rainerliebe.de\/?page_id=1127"},"modified":"2022-12-19T23:14:24","modified_gmt":"2022-12-19T22:14:24","slug":"dampflock-wasserturm-steamtrain-watertower","status":"publish","type":"page","link":"http:\/\/www.rainerliebe.de\/?page_id=1127","title":{"rendered":"Dampflock Wasserturm \/ Steamtrain Watertower"},"content":{"rendered":"<p>Auf dem Gel\u00e4nde des ehemaligen Duisburger Ausbesserungswerks in Bissingheim steht noch ein alter Wasserturm, welcher fr\u00fcher zum Bef\u00fcllen der Dampflockomotiven gedient hat.<br \/>\n<a href=\"http:\/\/Steamtrain%20Watertower\">Steamtrain Watertower<\/a><\/p>\n<figure class=\"embed-gphotos alignright wp-caption\"><a href=\"https:\/\/photos.google.com\/share\/AF1QipND2ub7lLptvOu_kgTwJs1pNLJ-wQJul1HwS3N6gxfcosqjJ1SN4Jtq3X6cPcnSDQ?key=em5BS1QxelprcnMxQnRzcjk5MWJ3M081SmpLVHVB\" target=\"_blank\"><img loading=\"lazy\" decoding=\"async\"    src=\"https:\/\/lh3.googleusercontent.com\/W5_q_NWq2Vppi2H6VYjawWCgJJmNgmMAbV5pQGfGIyihXpIFt88QmQQiKlzeoOxpVXSnsp_BiB92jdQUC0srH4LpwgxzGyvL7-4jfP1-T4gdfkErf-EMzS22l_LMVXcJXXEbAiH4AWw=w380-h1000\" width=\"380\" height=\"570\"   ><\/a><figcaption class=\"wp-caption-text\"><a href=\"https:\/\/photos.google.com\/share\/AF1QipND2ub7lLptvOu_kgTwJs1pNLJ-wQJul1HwS3N6gxfcosqjJ1SN4Jtq3X6cPcnSDQ?key=em5BS1QxelprcnMxQnRzcjk5MWJ3M081SmpLVHVB\" target=\"_blank\">Tagfoto \/ Google Photos<\/a><\/figcaption><\/figure>\n","protected":false},"excerpt":{"rendered":"<p>Auf dem Gel\u00e4nde des ehemaligen Duisburger Ausbesserungswerks in Bissingheim steht noch ein alter Wasserturm, welcher fr\u00fcher zum Bef\u00fcllen der Dampflockomotiven gedient hat.<\/p>\n","protected":false},"author":1,"featured_media":1322,"parent":982,"menu_order":0,"comment_status":"closed","ping_status":"closed","template":"","meta":{"footnotes":""},"class_list":["post-1127","page","type-page","status-publish","has-post-thumbnail","hentry"],"_links":{"self":[{"href":"http:\/\/www.rainerliebe.de\/index.php?rest_route=\/wp\/v2\/pages\/1127","targetHints":{"allow":["GET"]}}],"collection":[{"href":"http:\/\/www.rainerliebe.de\/index.php?rest_route=\/wp\/v2\/pages"}],"about":[{"href":"http:\/\/www.rainerliebe.de\/index.php?rest_route=\/wp\/v2\/types\/page"}],"author":[{"embeddable":true,"href":"http:\/\/www.rainerliebe.de\/index.php?rest_route=\/wp\/v2\/users\/1"}],"replies":[{"embeddable":true,"href":"http:\/\/www.rainerliebe.de\/index.php?rest_route=%2Fwp%2Fv2%2Fcomments&post=1127"}],"version-history":[{"count":3,"href":"http:\/\/www.rainerliebe.de\/index.php?rest_route=\/wp\/v2\/pages\/1127\/revisions"}],"predecessor-version":[{"id":1131,"href":"http:\/\/www.rainerliebe.de\/index.php?rest_route=\/wp\/v2\/pages\/1127\/revisions\/1131"}],"up":[{"embeddable":true,"href":"http:\/\/www.rainerliebe.de\/index.php?rest_route=\/wp\/v2\/pages\/982"}],"wp:featuredmedia":[{"embeddable":true,"href":"http:\/\/www.rainerliebe.de\/index.php?rest_route=\/wp\/v2\/media\/1322"}],"wp:attachment":[{"href":"http:\/\/www.rainerliebe.de\/index.php?rest_route=%2Fwp%2Fv2%2Fmedia&parent=1127"}],"curies":[{"name":"wp","href":"https:\/\/api.w.org\/{rel}","templated":true}]}}