{"id":1124,"date":"2019-04-22T11:53:17","date_gmt":"2019-04-22T09:53:17","guid":{"rendered":"http:\/\/www.rainerliebe.de\/?page_id=1124"},"modified":"2022-12-19T22:51:14","modified_gmt":"2022-12-19T21:51:14","slug":"bruecke-und-pfeiler-bridge-and-abutment","status":"publish","type":"page","link":"http:\/\/www.rainerliebe.de\/?page_id=1124","title":{"rendered":"Br\u00fccke und Pfeiler \/ Bridge and abutment"},"content":{"rendered":"<p>Den Namen verdankt die Br\u00fccke einem Herrensitz, welcher schon in den 30er Jahren abgerissen wurde. Die Br\u00fccke wurde schon 1912 f\u00fcr den G\u00fcterverkeht ge\u00f6ffnet und verbindet Baerl mit Beekerwerth.<\/p>\n<figure class=\"embed-gphotos  wp-caption\"><a href=\"https:\/\/photos.google.com\/share\/AF1QipMyQW2TGJxKwBqIOaPPRHa5ZuuPW1LcSNGPNbb0DfYG2Fyy8gqz3CYrOov4X8QKcw?key=T3hxUzFxcjVfM3l0eG9fSnJJQlR4WHVvQWdKWkJ3\" target=\"_blank\"><img loading=\"lazy\" decoding=\"async\"    src=\"https:\/\/lh3.googleusercontent.com\/kLmc3KZUz9ZvLssUGx4IRwmXDmc05yDZ7pFiReYiBoKiIJ9FjyFoNfXDPfctcmnsI7LUpvJjJeHNONyZ_vxXG0WQ7d2mRqYqczz1bmwNyZS08baIFuqsJ19yntDxZFBfrkIpsf8yBEE=w900-h1000\" width=\"900\" height=\"600\"   ><\/a><figcaption class=\"wp-caption-text\"><a href=\"https:\/\/photos.google.com\/share\/AF1QipMyQW2TGJxKwBqIOaPPRHa5ZuuPW1LcSNGPNbb0DfYG2Fyy8gqz3CYrOov4X8QKcw?key=T3hxUzFxcjVfM3l0eG9fSnJJQlR4WHVvQWdKWkJ3\" target=\"_blank\">Bridge and abutment \/ Google Photos<\/a><\/figcaption><\/figure>\n<p>Die Br\u00fccke wirkt bei Tag von unten sehr dunkel und wenig r\u00e4umlich. Erst die Beleuchtung der einzelnen Segmente konnte sie zum Vorschein bringen. Es wurde mit den Farben rot und gr\u00fcn gearbeitet. Die gelben Stellen ergeben sich aus die Mischung der beiden Grundfarben.<\/p>\n<figure class=\"embed-gphotos alignright wp-caption\"><a href=\"https:\/\/photos.google.com\/share\/AF1QipOUAmEN2aQo7OjhyiPR_tr3oZsyXvxtvwOjs2pZset1bxyAWY_O7H3CIN8ji6DnPg?key=MU5JRUlRb0pxMW1ZQWxkN1FHWmlVeDZDdGwxRUln\" target=\"_blank\"><img loading=\"lazy\" decoding=\"async\"    src=\"https:\/\/lh3.googleusercontent.com\/iet-9_wjvUaE69bzC3ynxJqONrl6J8U_oN2yIuzQNTajN2D_OFamBCg_v6RZWWEKNiCEmKyPG6uh4VOmKf6RITpJ5UDK-labIxA1zMoTsBHcnW0czt_jxCwMoSh_5LyyJqk_m_8LGFg=w380-h1000\" width=\"380\" height=\"253\"   ><\/a><figcaption class=\"wp-caption-text\"><a href=\"https:\/\/photos.google.com\/share\/AF1QipOUAmEN2aQo7OjhyiPR_tr3oZsyXvxtvwOjs2pZset1bxyAWY_O7H3CIN8ji6DnPg?key=MU5JRUlRb0pxMW1ZQWxkN1FHWmlVeDZDdGwxRUln\" target=\"_blank\">Tagfoto \/ Google Photos<\/a><\/figcaption><\/figure>\n","protected":false},"excerpt":{"rendered":"<p>Den Namen verdankt die Br\u00fccke einem Herrensitz, welcher schon in den 30er Jahren abgerissen wurde. Die Br\u00fccke wurde schon 1912 f\u00fcr den G\u00fcterverkeht ge\u00f6ffnet und verbindet Baerl mit Beekerwerth. Die Br\u00fccke wirkt bei Tag von unten sehr dunkel und wenig r\u00e4umlich. Erst die Beleuchtung der einzelnen Segmente konnte sie zum Vorschein bringen. Es wurde mit &hellip; <span class=\"read-more\"><a href=\"http:\/\/www.rainerliebe.de\/?page_id=1124\" class=\"more-link\">Read More<\/a><\/span><\/p>\n","protected":false},"author":1,"featured_media":1320,"parent":982,"menu_order":0,"comment_status":"closed","ping_status":"closed","template":"","meta":{"footnotes":""},"class_list":["post-1124","page","type-page","status-publish","has-post-thumbnail","hentry"],"_links":{"self":[{"href":"http:\/\/www.rainerliebe.de\/index.php?rest_route=\/wp\/v2\/pages\/1124","targetHints":{"allow":["GET"]}}],"collection":[{"href":"http:\/\/www.rainerliebe.de\/index.php?rest_route=\/wp\/v2\/pages"}],"about":[{"href":"http:\/\/www.rainerliebe.de\/index.php?rest_route=\/wp\/v2\/types\/page"}],"author":[{"embeddable":true,"href":"http:\/\/www.rainerliebe.de\/index.php?rest_route=\/wp\/v2\/users\/1"}],"replies":[{"embeddable":true,"href":"http:\/\/www.rainerliebe.de\/index.php?rest_route=%2Fwp%2Fv2%2Fcomments&post=1124"}],"version-history":[{"count":1,"href":"http:\/\/www.rainerliebe.de\/index.php?rest_route=\/wp\/v2\/pages\/1124\/revisions"}],"predecessor-version":[{"id":1125,"href":"http:\/\/www.rainerliebe.de\/index.php?rest_route=\/wp\/v2\/pages\/1124\/revisions\/1125"}],"up":[{"embeddable":true,"href":"http:\/\/www.rainerliebe.de\/index.php?rest_route=\/wp\/v2\/pages\/982"}],"wp:featuredmedia":[{"embeddable":true,"href":"http:\/\/www.rainerliebe.de\/index.php?rest_route=\/wp\/v2\/media\/1320"}],"wp:attachment":[{"href":"http:\/\/www.rainerliebe.de\/index.php?rest_route=%2Fwp%2Fv2%2Fmedia&parent=1124"}],"curies":[{"name":"wp","href":"https:\/\/api.w.org\/{rel}","templated":true}]}}