{"id":1119,"date":"2019-04-22T11:13:57","date_gmt":"2019-04-22T09:13:57","guid":{"rendered":"http:\/\/www.rainerliebe.de\/?page_id=1119"},"modified":"2022-12-19T22:50:19","modified_gmt":"2022-12-19T21:50:19","slug":"bruecke-der-solidaritaet-solidarity-bridge","status":"publish","type":"page","link":"http:\/\/www.rainerliebe.de\/?page_id=1119","title":{"rendered":"Br\u00fccke der Solidarit\u00e4t \/ Solidarity bridge"},"content":{"rendered":"<p>Den Namen &#8222;Br\u00fccke der Solidarit\u00e4t&#8220; gaben die Krupp-Arbeiter 1988. Sie wurde 1987 zum Symbol, um gegen die Schlie\u00dfung des Stahlwerks in Rheinhausen zu demonstrieren.<\/p>\n<figure class=\"embed-gphotos  wp-caption\"><a href=\"https:\/\/photos.google.com\/share\/AF1QipPVaWMzfqinLYyDhrt0NAjkp2hqNG8Vqm1pIhBCNgTpyXsPZlTbjyp5Warn7NzQOw?key=dWtWRy1OOFRPeEVjUF9wUUlHQ0hpRlo1N1lzaUNR\" target=\"_blank\"><img loading=\"lazy\" decoding=\"async\"    src=\"https:\/\/lh3.googleusercontent.com\/4veYHVwvEP7DS3JbNeXNOet_ibxJ2ZZZhXYI86rJEf7TVKxD5w9V5UUF6n--WvRRE8z0Ylfu_-m_8qGv5mI00zNegRwfLeQsla1oIm9UsgTJTn0BHBBANx-ZKK7qb_Y1d-ainFPhz64=w900-h1000\" width=\"900\" height=\"600\"   ><\/a><figcaption class=\"wp-caption-text\"><a href=\"https:\/\/photos.google.com\/share\/AF1QipPVaWMzfqinLYyDhrt0NAjkp2hqNG8Vqm1pIhBCNgTpyXsPZlTbjyp5Warn7NzQOw?key=dWtWRy1OOFRPeEVjUF9wUUlHQ0hpRlo1N1lzaUNR\" target=\"_blank\">Solidarity bridge \/ Google Photos<\/a><\/figcaption><\/figure>\n<figure class=\"embed-gphotos alignright wp-caption\"><a href=\"https:\/\/photos.google.com\/share\/AF1QipNpub-TDrkkYlaYleBx5V6O0W6bnlMMoM3_65Eg0sTbA45lEe9CGCHD439eKYZFuA?key=ZTB4NTBFQURJOFRVMzJYdXpod29xblpDdUNDNVB3\" target=\"_blank\"><img loading=\"lazy\" decoding=\"async\"    src=\"https:\/\/lh3.googleusercontent.com\/hMdSbSViHjBrCtNUOn7KVFEKSKtRvd6GSQTdJHeDNI0s_3TrEgYjpVokCulRuuOj6FaBWnwu7kQNtQC09FP0OQxI16lwncvMwSUbyhzf14ZcLthbbRWDB_vW2L3hQ12nEYD3tqR_GOo=w380-h1000\" width=\"380\" height=\"253\"   ><\/a><figcaption class=\"wp-caption-text\"><a href=\"https:\/\/photos.google.com\/share\/AF1QipNpub-TDrkkYlaYleBx5V6O0W6bnlMMoM3_65Eg0sTbA45lEe9CGCHD439eKYZFuA?key=ZTB4NTBFQURJOFRVMzJYdXpod29xblpDdUNDNVB3\" target=\"_blank\">Tagfoto zu Solidarity bridge \/ Google Photos<\/a><\/figcaption><\/figure>\n","protected":false},"excerpt":{"rendered":"<p>Den Namen &#8222;Br\u00fccke der Solidarit\u00e4t&#8220; gaben die Krupp-Arbeiter 1988. Sie wurde 1987 zum Symbol, um gegen die Schlie\u00dfung des Stahlwerks in Rheinhausen zu demonstrieren.<\/p>\n","protected":false},"author":1,"featured_media":1321,"parent":982,"menu_order":0,"comment_status":"closed","ping_status":"closed","template":"","meta":{"footnotes":""},"class_list":["post-1119","page","type-page","status-publish","has-post-thumbnail","hentry"],"_links":{"self":[{"href":"http:\/\/www.rainerliebe.de\/index.php?rest_route=\/wp\/v2\/pages\/1119","targetHints":{"allow":["GET"]}}],"collection":[{"href":"http:\/\/www.rainerliebe.de\/index.php?rest_route=\/wp\/v2\/pages"}],"about":[{"href":"http:\/\/www.rainerliebe.de\/index.php?rest_route=\/wp\/v2\/types\/page"}],"author":[{"embeddable":true,"href":"http:\/\/www.rainerliebe.de\/index.php?rest_route=\/wp\/v2\/users\/1"}],"replies":[{"embeddable":true,"href":"http:\/\/www.rainerliebe.de\/index.php?rest_route=%2Fwp%2Fv2%2Fcomments&post=1119"}],"version-history":[{"count":4,"href":"http:\/\/www.rainerliebe.de\/index.php?rest_route=\/wp\/v2\/pages\/1119\/revisions"}],"predecessor-version":[{"id":1137,"href":"http:\/\/www.rainerliebe.de\/index.php?rest_route=\/wp\/v2\/pages\/1119\/revisions\/1137"}],"up":[{"embeddable":true,"href":"http:\/\/www.rainerliebe.de\/index.php?rest_route=\/wp\/v2\/pages\/982"}],"wp:featuredmedia":[{"embeddable":true,"href":"http:\/\/www.rainerliebe.de\/index.php?rest_route=\/wp\/v2\/media\/1321"}],"wp:attachment":[{"href":"http:\/\/www.rainerliebe.de\/index.php?rest_route=%2Fwp%2Fv2%2Fmedia&parent=1119"}],"curies":[{"name":"wp","href":"https:\/\/api.w.org\/{rel}","templated":true}]}}