{"id":1108,"date":"2019-04-16T22:55:51","date_gmt":"2019-04-16T20:55:51","guid":{"rendered":"http:\/\/www.rainerliebe.de\/?page_id=1108"},"modified":"2022-12-19T22:53:52","modified_gmt":"2022-12-19T21:53:52","slug":"den-treuen-toten-hall-of-faithfull-death","status":"publish","type":"page","link":"http:\/\/www.rainerliebe.de\/?page_id=1108","title":{"rendered":"Den treuen Toten \/ Hall of faithfull death"},"content":{"rendered":"<p>In Duisburg Homberg befindet sich eine Friedhofsanlage in einem Park, welcher bald 150 Jahre alt wird.<br \/>\nDer erste Weltkrieg hat 2 Millionen deutsche Soldaten das Leben gekostet, im zweiten waren es \u00fcber 5 Millionen Soldaten.<\/p>\n<p>Zahlen, welche man sich kaum vorstellen kann.<\/p>\n<figure class=\"embed-gphotos  wp-caption\"><a href=\"https:\/\/photos.google.com\/share\/AF1QipOUIap0KOSosngRqvpJczJYurk5Ca6sp-T3dDXp4hptTqgIAAU7GZ48oRtzo2e6ew?key=bmp6aENVUV92Nm5XY0ZGU29EcEg5X1pkMy1zbjdn\" target=\"_blank\"><img loading=\"lazy\" decoding=\"async\"    src=\"https:\/\/lh3.googleusercontent.com\/ZmnugduIy7roCV6lPj42FJR_9PvT8xi9-NOlUwDEuPFFbUMMrf5j1e5DwiugACw9RhPzUz9XSbZJ0ewxc178uTrfAh7gip8TWc_of7P-WLKejBNhYsoX9WGkeJGGe_gGKIoyYSTvSe8=w900-h1000\" width=\"900\" height=\"600\"   ><\/a><figcaption class=\"wp-caption-text\"><a href=\"https:\/\/photos.google.com\/share\/AF1QipOUIap0KOSosngRqvpJczJYurk5Ca6sp-T3dDXp4hptTqgIAAU7GZ48oRtzo2e6ew?key=bmp6aENVUV92Nm5XY0ZGU29EcEg5X1pkMy1zbjdn\" target=\"_blank\">Hall of faithfull death \/ Google Photos<\/a><\/figcaption><\/figure>\n<p>Das Bild ist \u00fcbrigens die erste gemeinsame Aufnahme mit Wolfgang Vo\u00dfkamp und Herbert Geisler.<\/p>\n<figure class=\"embed-gphotos alignright wp-caption\"><a href=\"https:\/\/photos.google.com\/share\/AF1QipN_geoiL3bSNBmEucWYjsllIuhEp__qcTh5iuNGlWh6SuCk6M_aqMaoil2RTVmhQw?key=VUJIenUxNmEzSkdlMU1EOEV4bHVCSE9kc1pBWElB\" target=\"_blank\"><img loading=\"lazy\" decoding=\"async\"    src=\"https:\/\/lh3.googleusercontent.com\/at7ik80mnjFwvOy5qbTxcE8IRHNawsJMHx_qteCXBage-QsLSMNLQj5v0mIEUGFd9aJhnddlPEK16qwXavfohpmV0ohxscLcNTT93oH1jKnfFCi6wtYnvdeM9X3bdDsbU-yi0h9bk8k=w380-h1000\" width=\"380\" height=\"253\"   ><\/a><figcaption class=\"wp-caption-text\"><a href=\"https:\/\/photos.google.com\/share\/AF1QipN_geoiL3bSNBmEucWYjsllIuhEp__qcTh5iuNGlWh6SuCk6M_aqMaoil2RTVmhQw?key=VUJIenUxNmEzSkdlMU1EOEV4bHVCSE9kc1pBWElB\" target=\"_blank\">Tagfoto zu Hall of faithfull death \/ Google Photos<\/a><\/figcaption><\/figure>\n","protected":false},"excerpt":{"rendered":"<p>In Duisburg Homberg befindet sich eine Friedhofsanlage in einem Park, welcher bald 150 Jahre alt wird. Der erste Weltkrieg hat 2 Millionen deutsche Soldaten das Leben gekostet, im zweiten waren es \u00fcber 5 Millionen Soldaten. Zahlen, welche man sich kaum vorstellen kann. Das Bild ist \u00fcbrigens die erste gemeinsame Aufnahme mit Wolfgang Vo\u00dfkamp und Herbert &hellip; <span class=\"read-more\"><a href=\"http:\/\/www.rainerliebe.de\/?page_id=1108\" class=\"more-link\">Read More<\/a><\/span><\/p>\n","protected":false},"author":1,"featured_media":1318,"parent":982,"menu_order":0,"comment_status":"closed","ping_status":"closed","template":"","meta":{"footnotes":""},"class_list":["post-1108","page","type-page","status-publish","has-post-thumbnail","hentry"],"_links":{"self":[{"href":"http:\/\/www.rainerliebe.de\/index.php?rest_route=\/wp\/v2\/pages\/1108","targetHints":{"allow":["GET"]}}],"collection":[{"href":"http:\/\/www.rainerliebe.de\/index.php?rest_route=\/wp\/v2\/pages"}],"about":[{"href":"http:\/\/www.rainerliebe.de\/index.php?rest_route=\/wp\/v2\/types\/page"}],"author":[{"embeddable":true,"href":"http:\/\/www.rainerliebe.de\/index.php?rest_route=\/wp\/v2\/users\/1"}],"replies":[{"embeddable":true,"href":"http:\/\/www.rainerliebe.de\/index.php?rest_route=%2Fwp%2Fv2%2Fcomments&post=1108"}],"version-history":[{"count":3,"href":"http:\/\/www.rainerliebe.de\/index.php?rest_route=\/wp\/v2\/pages\/1108\/revisions"}],"predecessor-version":[{"id":1111,"href":"http:\/\/www.rainerliebe.de\/index.php?rest_route=\/wp\/v2\/pages\/1108\/revisions\/1111"}],"up":[{"embeddable":true,"href":"http:\/\/www.rainerliebe.de\/index.php?rest_route=\/wp\/v2\/pages\/982"}],"wp:featuredmedia":[{"embeddable":true,"href":"http:\/\/www.rainerliebe.de\/index.php?rest_route=\/wp\/v2\/media\/1318"}],"wp:attachment":[{"href":"http:\/\/www.rainerliebe.de\/index.php?rest_route=%2Fwp%2Fv2%2Fmedia&parent=1108"}],"curies":[{"name":"wp","href":"https:\/\/api.w.org\/{rel}","templated":true}]}}