{"id":1054,"date":"2019-03-31T23:01:37","date_gmt":"2019-03-31T21:01:37","guid":{"rendered":"http:\/\/www.rainerliebe.de\/?page_id=1054"},"modified":"2022-12-19T21:43:32","modified_gmt":"2022-12-19T20:43:32","slug":"no-bots","status":"publish","type":"page","link":"http:\/\/www.rainerliebe.de\/?page_id=1054","title":{"rendered":"Bot. Garten \/ Bot. garden"},"content":{"rendered":"<p>Der botanische Garten in Duisburg Duissern ist bereits 1890 das erste Mal erw\u00e4hnt. Er ist u.a. mit vielen Alpenpflanzen best\u00fcckt und liegt am Fu\u00dfe des Kaiserbergs.<\/p>\n<figure class=\"embed-gphotos  wp-caption\"><a href=\"https:\/\/photos.google.com\/share\/AF1QipPCGq-17c7agzedb-h1uVJZbtW55wPLN_84l0pqF1N24VihO3_vuSKlIyvA_Y1zDw?key=eVZKbnk2Q3hIeHRla1lVVmdsVmY1VWlfMWp1MzRn\" target=\"_blank\"><img loading=\"lazy\" decoding=\"async\"    src=\"https:\/\/lh3.googleusercontent.com\/uGNGdw9Drh6NXProMmTXxsDGLKQw2RyR_1dI1xohZUB5MG--UCP9djIJiC3faIuy_3n1s0lBni6g44oPHplG9nwkLCSgCw-f87S5e6cYxFk2GB9eS2Pc_VJcsuH7rVeq_vptmr2zKnQ=w900-h1000\" width=\"900\" height=\"675\"   ><\/a><figcaption class=\"wp-caption-text\"><a href=\"https:\/\/photos.google.com\/share\/AF1QipPCGq-17c7agzedb-h1uVJZbtW55wPLN_84l0pqF1N24VihO3_vuSKlIyvA_Y1zDw?key=eVZKbnk2Q3hIeHRla1lVVmdsVmY1VWlfMWp1MzRn\" target=\"_blank\">Bot. Garten \/ Google Photos<\/a><\/figcaption><\/figure>\n<figure class=\"embed-gphotos alignright wp-caption\"><a href=\"https:\/\/photos.google.com\/share\/AF1QipOmxsjJL07MAn8IOX-aQQU2_1lZLf8DNq9HeDFwOhnEBLweerzQ2XXANObPumNxbA?key=TmFCMFozOXpkeGNfZDhzZzBTZlFMRkRfM2V1YlZB\" target=\"_blank\"><img loading=\"lazy\" decoding=\"async\"    src=\"https:\/\/lh3.googleusercontent.com\/Ap1pkc9LCqoM_r72DWdgAqEe_ioUb-Lhq9WIfiXbM0sGLwHkR8WUoCMnFZ0HxBhM91uk0TFBqzIlCZNzOueTBylcRUruUKrSZIBMYNgB5-pKneku3YabZMX0_LwcP8RkABYu7e7gYek=w380-h1000\" width=\"380\" height=\"285\"   ><\/a><figcaption class=\"wp-caption-text\"><a href=\"https:\/\/photos.google.com\/share\/AF1QipOmxsjJL07MAn8IOX-aQQU2_1lZLf8DNq9HeDFwOhnEBLweerzQ2XXANObPumNxbA?key=TmFCMFozOXpkeGNfZDhzZzBTZlFMRkRfM2V1YlZB\" target=\"_blank\">Tagfoto zu Bot. garden \/ Google Photos<\/a><\/figcaption><\/figure>\n","protected":false},"excerpt":{"rendered":"<p>Der botanische Garten in Duisburg Duissern ist bereits 1890 das erste Mal erw\u00e4hnt. Er ist u.a. mit vielen Alpenpflanzen best\u00fcckt und liegt am Fu\u00dfe des Kaiserbergs.<\/p>\n","protected":false},"author":1,"featured_media":1284,"parent":982,"menu_order":0,"comment_status":"closed","ping_status":"closed","template":"","meta":{"footnotes":""},"class_list":["post-1054","page","type-page","status-publish","has-post-thumbnail","hentry"],"_links":{"self":[{"href":"http:\/\/www.rainerliebe.de\/index.php?rest_route=\/wp\/v2\/pages\/1054","targetHints":{"allow":["GET"]}}],"collection":[{"href":"http:\/\/www.rainerliebe.de\/index.php?rest_route=\/wp\/v2\/pages"}],"about":[{"href":"http:\/\/www.rainerliebe.de\/index.php?rest_route=\/wp\/v2\/types\/page"}],"author":[{"embeddable":true,"href":"http:\/\/www.rainerliebe.de\/index.php?rest_route=\/wp\/v2\/users\/1"}],"replies":[{"embeddable":true,"href":"http:\/\/www.rainerliebe.de\/index.php?rest_route=%2Fwp%2Fv2%2Fcomments&post=1054"}],"version-history":[{"count":7,"href":"http:\/\/www.rainerliebe.de\/index.php?rest_route=\/wp\/v2\/pages\/1054\/revisions"}],"predecessor-version":[{"id":1132,"href":"http:\/\/www.rainerliebe.de\/index.php?rest_route=\/wp\/v2\/pages\/1054\/revisions\/1132"}],"up":[{"embeddable":true,"href":"http:\/\/www.rainerliebe.de\/index.php?rest_route=\/wp\/v2\/pages\/982"}],"wp:featuredmedia":[{"embeddable":true,"href":"http:\/\/www.rainerliebe.de\/index.php?rest_route=\/wp\/v2\/media\/1284"}],"wp:attachment":[{"href":"http:\/\/www.rainerliebe.de\/index.php?rest_route=%2Fwp%2Fv2%2Fmedia&parent=1054"}],"curies":[{"name":"wp","href":"https:\/\/api.w.org\/{rel}","templated":true}]}}