{"id":1036,"date":"2019-03-31T22:41:24","date_gmt":"2019-03-31T20:41:24","guid":{"rendered":"http:\/\/www.rainerliebe.de\/?page_id=1036"},"modified":"2022-12-19T23:04:27","modified_gmt":"2022-12-19T22:04:27","slug":"die-spur-im-tunnel-trace-in-tunnel","status":"publish","type":"page","link":"http:\/\/www.rainerliebe.de\/?page_id=1036","title":{"rendered":"Die Spur im Tunnel \/ Trace in tunnel"},"content":{"rendered":"<p>Zum Transport von Kohle, Stahl, G\u00fctern aber auch Personen verf\u00fcgt das Ruhrgebiet \u00fcber unz\u00e4hlige Eisenbahnschienen.<br \/>\nIn Duisburg befinden sich die st\u00e4rkst befahrenen Strecken im Ruhrgebiet. Unterf\u00fchrungen erlauben den kreuzungsfreien Verkehr der Autos.<\/p>\n<figure class=\"embed-gphotos  wp-caption\"><a href=\"https:\/\/photos.google.com\/share\/AF1QipN3EaB_8pIhrg21gCR1cCTA-xIV3EQpPrkuz98Dvq1IXambL3fmsZivVUj-X7bAgA?key=YkFPQTVWU2xEbFlDcHBUa2phaFd0ZWlJalZnVHpn\" target=\"_blank\"><img loading=\"lazy\" decoding=\"async\"    src=\"https:\/\/lh3.googleusercontent.com\/2vi4jB5DbrdBfVsdKQrkE13Orn__QzgJgy7MkYw5CmK6QVDj4Xvi3wUoU6X09in7Jm34Yqa2GF0g2z_moU1ZUpeW14iG34P0IaInbPN31IZkJdOyA3-eqq3bajYrKbWFBIU_Q0_8pPM=w900-h1000\" width=\"900\" height=\"900\"   ><\/a><figcaption class=\"wp-caption-text\"><a href=\"https:\/\/photos.google.com\/share\/AF1QipN3EaB_8pIhrg21gCR1cCTA-xIV3EQpPrkuz98Dvq1IXambL3fmsZivVUj-X7bAgA?key=YkFPQTVWU2xEbFlDcHBUa2phaFd0ZWlJalZnVHpn\" target=\"_blank\">Trace in tunnel \/ Google Photos<\/a><\/figcaption><\/figure>\n<p>Die Spur sind die R\u00fccklichter eines Autos, welches mit relativ hoher Geschwindigkeit zum Zeipunkt der Aufnahmen durch die Tunnel gefahren ist.<\/p>\n<figure class=\"embed-gphotos alignright wp-caption\"><a href=\"https:\/\/photos.google.com\/share\/AF1QipMKkS98G6F41TMz_EPcEPL90dHkw1ZeF4LDJb9TjuPRzpP3Bldtdly2jBUpVvkznw?key=TklSV3JtM3FMZFhtUnJwWERGaUJIbmNVV3RYQnNR\" target=\"_blank\"><img loading=\"lazy\" decoding=\"async\"    src=\"https:\/\/lh3.googleusercontent.com\/LE4vSoAEUwYRu0XBifBCxdt4ZadVtUmkrPKom1vDZDwpgxxpFajPyM9Hhz9yDNTrpgI4s3RQ3ZKT9ZzHeG9RW6kfqbg03-s0Idz9cYfe2i5eT8JLbz3CA1efeKN2GWEwoRkut_2cPpg=w380-h1000\" width=\"380\" height=\"253\"   ><\/a><figcaption class=\"wp-caption-text\"><a href=\"https:\/\/photos.google.com\/share\/AF1QipMKkS98G6F41TMz_EPcEPL90dHkw1ZeF4LDJb9TjuPRzpP3Bldtdly2jBUpVvkznw?key=TklSV3JtM3FMZFhtUnJwWERGaUJIbmNVV3RYQnNR\" target=\"_blank\">Tagfoto zu Trace in tunnel \/ Google Photos<\/a><\/figcaption><\/figure>\n","protected":false},"excerpt":{"rendered":"<p>Zum Transport von Kohle, Stahl, G\u00fctern aber auch Personen verf\u00fcgt das Ruhrgebiet \u00fcber unz\u00e4hlige Eisenbahnschienen. In Duisburg befinden sich die st\u00e4rkst befahrenen Strecken im Ruhrgebiet. Unterf\u00fchrungen erlauben den kreuzungsfreien Verkehr der Autos. Die Spur sind die R\u00fccklichter eines Autos, welches mit relativ hoher Geschwindigkeit zum Zeipunkt der Aufnahmen durch die Tunnel gefahren ist.<\/p>\n","protected":false},"author":1,"featured_media":1351,"parent":982,"menu_order":0,"comment_status":"closed","ping_status":"closed","template":"","meta":{"footnotes":""},"class_list":["post-1036","page","type-page","status-publish","has-post-thumbnail","hentry"],"_links":{"self":[{"href":"http:\/\/www.rainerliebe.de\/index.php?rest_route=\/wp\/v2\/pages\/1036","targetHints":{"allow":["GET"]}}],"collection":[{"href":"http:\/\/www.rainerliebe.de\/index.php?rest_route=\/wp\/v2\/pages"}],"about":[{"href":"http:\/\/www.rainerliebe.de\/index.php?rest_route=\/wp\/v2\/types\/page"}],"author":[{"embeddable":true,"href":"http:\/\/www.rainerliebe.de\/index.php?rest_route=\/wp\/v2\/users\/1"}],"replies":[{"embeddable":true,"href":"http:\/\/www.rainerliebe.de\/index.php?rest_route=%2Fwp%2Fv2%2Fcomments&post=1036"}],"version-history":[{"count":5,"href":"http:\/\/www.rainerliebe.de\/index.php?rest_route=\/wp\/v2\/pages\/1036\/revisions"}],"predecessor-version":[{"id":1053,"href":"http:\/\/www.rainerliebe.de\/index.php?rest_route=\/wp\/v2\/pages\/1036\/revisions\/1053"}],"up":[{"embeddable":true,"href":"http:\/\/www.rainerliebe.de\/index.php?rest_route=\/wp\/v2\/pages\/982"}],"wp:featuredmedia":[{"embeddable":true,"href":"http:\/\/www.rainerliebe.de\/index.php?rest_route=\/wp\/v2\/media\/1351"}],"wp:attachment":[{"href":"http:\/\/www.rainerliebe.de\/index.php?rest_route=%2Fwp%2Fv2%2Fmedia&parent=1036"}],"curies":[{"name":"wp","href":"https:\/\/api.w.org\/{rel}","templated":true}]}}