{"id":1018,"date":"2019-03-31T19:33:26","date_gmt":"2019-03-31T17:33:26","guid":{"rendered":"http:\/\/www.rainerliebe.de\/?page_id=1018"},"modified":"2022-12-19T22:54:56","modified_gmt":"2022-12-19T21:54:56","slug":"der-mann-an-der-fachwerkbruecke-man-at-framework-bridge","status":"publish","type":"page","link":"http:\/\/www.rainerliebe.de\/?page_id=1018","title":{"rendered":"Der Mann an der Fachwerkbr\u00fccke \/ Man at framework bridge"},"content":{"rendered":"<p>Der Ausgang des Landschaftpark Nord Richtung Duisburg Hamborn verl\u00e4uft \u00fcber eine ehemalige Eisenbahntrasse. Dort, wo fr\u00fcher das Erz von den Ruhrorter H\u00e4fen zu den Erzbunkern des Stahlwerks transportiert wurde, befindet sich eine kleine Fachwerkbr\u00fccke.<\/p>\n<figure class=\"embed-gphotos  wp-caption\"><a href=\"https:\/\/photos.google.com\/share\/AF1QipOu6HjYQ3XACtgmz3Qn5CsmwvOsmbCkdEEzBUsz5mYRwaMV0tEfkA17xnR3r-yzmA?key=bXNvandnZm41RWwwZnM1ZnZnSkxCLVlnbzUyNGt3\" target=\"_blank\"><img loading=\"lazy\" decoding=\"async\"    src=\"https:\/\/lh3.googleusercontent.com\/3IPIYwOPemzFEwmAF9yvM77_RDFe53tH5P-yX7PFuTLzgkQefe6xWCFdgL77ev1_ODVLfGVP2KXUgG_c5SdalGt93X6wz2r6QHFmwLbWtoRTPvyibo2xV2yQc6P64Bqt5HE8_PaXsm0=w900-h1000\" width=\"900\" height=\"600\"   ><\/a><figcaption class=\"wp-caption-text\"><a href=\"https:\/\/photos.google.com\/share\/AF1QipOu6HjYQ3XACtgmz3Qn5CsmwvOsmbCkdEEzBUsz5mYRwaMV0tEfkA17xnR3r-yzmA?key=bXNvandnZm41RWwwZnM1ZnZnSkxCLVlnbzUyNGt3\" target=\"_blank\">Man at framework bridge \/ Google Photos<\/a><\/figcaption><\/figure>\n<figure class=\"embed-gphotos alignright wp-caption\"><a href=\"https:\/\/photos.google.com\/share\/AF1QipNsQtTMDkNWb3OF10p7wjl0QAjVnWPhbopNwcO12aFwFTTOicJzKvwPa8R7G2UQYQ?key=MjgtQlJXcGVYelJnS0NYaElJdVlFVUJ5cFFMWnRR\" target=\"_blank\"><img loading=\"lazy\" decoding=\"async\"    src=\"https:\/\/lh3.googleusercontent.com\/UMv2x1rpFdiiwae3VFKc238eXOxB0Sr4Rc3XdQh9C_6OzLoHhpa2a_Mk_vus5qnqySwgKLpHunglsiEhftIWTu5DR-CugRrtziy8gkQbDUfMAOr0Z-fairxX2y5FJNz5vHtGMXC5hRo=w380-h1000\" width=\"380\" height=\"253\"   ><\/a><figcaption class=\"wp-caption-text\"><a href=\"https:\/\/photos.google.com\/share\/AF1QipNsQtTMDkNWb3OF10p7wjl0QAjVnWPhbopNwcO12aFwFTTOicJzKvwPa8R7G2UQYQ?key=MjgtQlJXcGVYelJnS0NYaElJdVlFVUJ5cFFMWnRR\" target=\"_blank\">Tagfoto der Fachwerkbr\u00fccke \/ Google Photos<\/a><\/figcaption><\/figure>\n","protected":false},"excerpt":{"rendered":"<p>Der Ausgang des Landschaftpark Nord Richtung Duisburg Hamborn verl\u00e4uft \u00fcber eine ehemalige Eisenbahntrasse. Dort, wo fr\u00fcher das Erz von den Ruhrorter H\u00e4fen zu den Erzbunkern des Stahlwerks transportiert wurde, befindet sich eine kleine Fachwerkbr\u00fccke.<\/p>\n","protected":false},"author":1,"featured_media":1340,"parent":982,"menu_order":0,"comment_status":"closed","ping_status":"closed","template":"","meta":{"footnotes":""},"class_list":["post-1018","page","type-page","status-publish","has-post-thumbnail","hentry"],"_links":{"self":[{"href":"http:\/\/www.rainerliebe.de\/index.php?rest_route=\/wp\/v2\/pages\/1018","targetHints":{"allow":["GET"]}}],"collection":[{"href":"http:\/\/www.rainerliebe.de\/index.php?rest_route=\/wp\/v2\/pages"}],"about":[{"href":"http:\/\/www.rainerliebe.de\/index.php?rest_route=\/wp\/v2\/types\/page"}],"author":[{"embeddable":true,"href":"http:\/\/www.rainerliebe.de\/index.php?rest_route=\/wp\/v2\/users\/1"}],"replies":[{"embeddable":true,"href":"http:\/\/www.rainerliebe.de\/index.php?rest_route=%2Fwp%2Fv2%2Fcomments&post=1018"}],"version-history":[{"count":4,"href":"http:\/\/www.rainerliebe.de\/index.php?rest_route=\/wp\/v2\/pages\/1018\/revisions"}],"predecessor-version":[{"id":1116,"href":"http:\/\/www.rainerliebe.de\/index.php?rest_route=\/wp\/v2\/pages\/1018\/revisions\/1116"}],"up":[{"embeddable":true,"href":"http:\/\/www.rainerliebe.de\/index.php?rest_route=\/wp\/v2\/pages\/982"}],"wp:featuredmedia":[{"embeddable":true,"href":"http:\/\/www.rainerliebe.de\/index.php?rest_route=\/wp\/v2\/media\/1340"}],"wp:attachment":[{"href":"http:\/\/www.rainerliebe.de\/index.php?rest_route=%2Fwp%2Fv2%2Fmedia&parent=1018"}],"curies":[{"name":"wp","href":"https:\/\/api.w.org\/{rel}","templated":true}]}}